{"id":6426,"date":"2026-04-22T11:11:02","date_gmt":"2026-04-22T09:11:02","guid":{"rendered":"https:\/\/egiarecords.com\/?post_type=product&#038;p=6426"},"modified":"2026-04-22T11:16:33","modified_gmt":"2026-04-22T09:16:33","slug":"weyes-blood-titanic-rising","status":"publish","type":"product","link":"https:\/\/egiarecords.com\/eu\/denda\/weyes-blood-titanic-rising\/","title":{"rendered":"Weyes Blood &#8211; Titanic Rising"},"content":{"rendered":"<p>Aclamado como uno de los mejores discos de su a\u00f1o, <i data-path-to-node=\"2,2,0\" data-index-in-node=\"68\">Titanic Rising<\/i> consolid\u00f3 a Weyes Blood como una visionaria capaz de unir el sonido cl\u00e1sico de Carole King con una sensibilidad art\u00edstica vanguardista.<\/p>\n","protected":false},"excerpt":{"rendered":"<p>Aclamado como uno de los mejores discos de su a\u00f1o, Titanic Rising consolid\u00f3 a Weyes Blood como una visionaria capaz de unir el sonido cl\u00e1sico de Carole King con una sensibilidad art\u00edstica vanguardista.<\/p>\n","protected":false},"featured_media":6431,"template":"","meta":[],"product_brand":[],"product_cat":[689],"product_tag":[],"sello":[876],"artista":[1782],"class_list":{"0":"post-6426","1":"product","2":"type-product","3":"status-publish","4":"has-post-thumbnail","6":"product_cat-vinilos","7":"sello-sub-pop","8":"artista-weyes-blood","9":"fecha-320","10":"estilo-art-rock","11":"estilo-baroque-pop","12":"estilo-dream-pop","13":"estilo-indie-pop","14":"estilo-indie-rock","15":"estilo-soft-rock","17":"first","18":"instock","19":"taxable","20":"shipping-taxable","21":"purchasable","22":"product-type-simple"},"_links":{"self":[{"href":"https:\/\/egiarecords.com\/eu\/wp-json\/wp\/v2\/product\/6426","targetHints":{"allow":["GET"]}}],"collection":[{"href":"https:\/\/egiarecords.com\/eu\/wp-json\/wp\/v2\/product"}],"about":[{"href":"https:\/\/egiarecords.com\/eu\/wp-json\/wp\/v2\/types\/product"}],"wp:featuredmedia":[{"embeddable":true,"href":"https:\/\/egiarecords.com\/eu\/wp-json\/wp\/v2\/media\/6431"}],"wp:attachment":[{"href":"https:\/\/egiarecords.com\/eu\/wp-json\/wp\/v2\/media?parent=6426"}],"wp:term":[{"taxonomy":"product_brand","embeddable":true,"href":"https:\/\/egiarecords.com\/eu\/wp-json\/wp\/v2\/product_brand?post=6426"},{"taxonomy":"product_cat","embeddable":true,"href":"https:\/\/egiarecords.com\/eu\/wp-json\/wp\/v2\/product_cat?post=6426"},{"taxonomy":"product_tag","embeddable":true,"href":"https:\/\/egiarecords.com\/eu\/wp-json\/wp\/v2\/product_tag?post=6426"},{"taxonomy":"sello","embeddable":true,"href":"https:\/\/egiarecords.com\/eu\/wp-json\/wp\/v2\/sello?post=6426"},{"taxonomy":"artista","embeddable":true,"href":"https:\/\/egiarecords.com\/eu\/wp-json\/wp\/v2\/artista?post=6426"}],"curies":[{"name":"wp","href":"https:\/\/api.w.org\/{rel}","templated":true}]}}