{"id":6418,"date":"2026-04-21T20:35:09","date_gmt":"2026-04-21T18:35:09","guid":{"rendered":"https:\/\/egiarecords.com\/?post_type=product&#038;p=6418"},"modified":"2026-04-21T20:35:19","modified_gmt":"2026-04-21T18:35:19","slug":"3-doors-down-the-greatest-hits","status":"publish","type":"product","link":"https:\/\/egiarecords.com\/eu\/denda\/3-doors-down-the-greatest-hits\/","title":{"rendered":"3 Doors Down &#8211; The Greatest Hits"},"content":{"rendered":"<p>El \u00e1lbum destaca por su equilibrio entre guitarras en\u00e9rgicas y baladas ac\u00fasticas profundas, donde la voz distintiva de Brad Arnold brilla en cl\u00e1sicos incombustibles como &#8216;Kryptonite&#8217; y &#8216;Here Without You&#8217;<\/p>\n","protected":false},"excerpt":{"rendered":"<p>El \u00e1lbum destaca por su equilibrio entre guitarras en\u00e9rgicas y baladas ac\u00fasticas profundas, donde la voz distintiva de Brad Arnold brilla en cl\u00e1sicos incombustibles como &#8216;Kryptonite&#8217; y &#8216;Here Without You&#8217;<\/p>\n","protected":false},"featured_media":6420,"template":"","meta":[],"product_brand":[],"product_cat":[689],"product_tag":[],"sello":[952],"artista":[1704],"class_list":{"0":"post-6418","1":"product","2":"type-product","3":"status-publish","4":"has-post-thumbnail","6":"product_cat-vinilos","7":"sello-republic-records","8":"artista-3-doors-down","9":"fecha-334","10":"estilo-alternative-rock","12":"first","13":"instock","14":"taxable","15":"shipping-taxable","16":"purchasable","17":"product-type-simple"},"_links":{"self":[{"href":"https:\/\/egiarecords.com\/eu\/wp-json\/wp\/v2\/product\/6418","targetHints":{"allow":["GET"]}}],"collection":[{"href":"https:\/\/egiarecords.com\/eu\/wp-json\/wp\/v2\/product"}],"about":[{"href":"https:\/\/egiarecords.com\/eu\/wp-json\/wp\/v2\/types\/product"}],"wp:featuredmedia":[{"embeddable":true,"href":"https:\/\/egiarecords.com\/eu\/wp-json\/wp\/v2\/media\/6420"}],"wp:attachment":[{"href":"https:\/\/egiarecords.com\/eu\/wp-json\/wp\/v2\/media?parent=6418"}],"wp:term":[{"taxonomy":"product_brand","embeddable":true,"href":"https:\/\/egiarecords.com\/eu\/wp-json\/wp\/v2\/product_brand?post=6418"},{"taxonomy":"product_cat","embeddable":true,"href":"https:\/\/egiarecords.com\/eu\/wp-json\/wp\/v2\/product_cat?post=6418"},{"taxonomy":"product_tag","embeddable":true,"href":"https:\/\/egiarecords.com\/eu\/wp-json\/wp\/v2\/product_tag?post=6418"},{"taxonomy":"sello","embeddable":true,"href":"https:\/\/egiarecords.com\/eu\/wp-json\/wp\/v2\/sello?post=6418"},{"taxonomy":"artista","embeddable":true,"href":"https:\/\/egiarecords.com\/eu\/wp-json\/wp\/v2\/artista?post=6418"}],"curies":[{"name":"wp","href":"https:\/\/api.w.org\/{rel}","templated":true}]}}