{"id":6413,"date":"2026-04-21T20:31:55","date_gmt":"2026-04-21T18:31:55","guid":{"rendered":"https:\/\/egiarecords.com\/?post_type=product&#038;p=6413"},"modified":"2026-04-21T20:32:09","modified_gmt":"2026-04-21T18:32:09","slug":"mobb-deep-infinite","status":"publish","type":"product","link":"https:\/\/egiarecords.com\/eu\/denda\/mobb-deep-infinite\/","title":{"rendered":"Mobb Deep &#8211; Infinite"},"content":{"rendered":"<p>Es un regreso triunfal a las ra\u00edces del hip-hop neoyorquino, un \u00e1lbum que rescata versos in\u00e9ditos y producciones que capturan la qu\u00edmica inigualable entre Havoc y el eterno Prodigy.<\/p>\n","protected":false},"excerpt":{"rendered":"<p>Es un regreso triunfal a las ra\u00edces del hip-hop neoyorquino, un \u00e1lbum que rescata versos in\u00e9ditos y producciones que capturan la qu\u00edmica inigualable entre Havoc y el eterno Prodigy.<\/p>\n","protected":false},"featured_media":6416,"template":"","meta":[],"product_brand":[],"product_cat":[689],"product_tag":[],"sello":[1779],"artista":[1085],"class_list":{"0":"post-6413","1":"product","2":"type-product","3":"status-publish","4":"has-post-thumbnail","6":"product_cat-vinilos","7":"sello-mass-appeal","8":"artista-mobb-deep","9":"fecha-305","10":"estilo-hardcore-hip-hop","12":"first","13":"instock","14":"taxable","15":"shipping-taxable","16":"purchasable","17":"product-type-simple"},"_links":{"self":[{"href":"https:\/\/egiarecords.com\/eu\/wp-json\/wp\/v2\/product\/6413","targetHints":{"allow":["GET"]}}],"collection":[{"href":"https:\/\/egiarecords.com\/eu\/wp-json\/wp\/v2\/product"}],"about":[{"href":"https:\/\/egiarecords.com\/eu\/wp-json\/wp\/v2\/types\/product"}],"wp:featuredmedia":[{"embeddable":true,"href":"https:\/\/egiarecords.com\/eu\/wp-json\/wp\/v2\/media\/6416"}],"wp:attachment":[{"href":"https:\/\/egiarecords.com\/eu\/wp-json\/wp\/v2\/media?parent=6413"}],"wp:term":[{"taxonomy":"product_brand","embeddable":true,"href":"https:\/\/egiarecords.com\/eu\/wp-json\/wp\/v2\/product_brand?post=6413"},{"taxonomy":"product_cat","embeddable":true,"href":"https:\/\/egiarecords.com\/eu\/wp-json\/wp\/v2\/product_cat?post=6413"},{"taxonomy":"product_tag","embeddable":true,"href":"https:\/\/egiarecords.com\/eu\/wp-json\/wp\/v2\/product_tag?post=6413"},{"taxonomy":"sello","embeddable":true,"href":"https:\/\/egiarecords.com\/eu\/wp-json\/wp\/v2\/sello?post=6413"},{"taxonomy":"artista","embeddable":true,"href":"https:\/\/egiarecords.com\/eu\/wp-json\/wp\/v2\/artista?post=6413"}],"curies":[{"name":"wp","href":"https:\/\/api.w.org\/{rel}","templated":true}]}}