{"id":6404,"date":"2026-04-21T20:25:14","date_gmt":"2026-04-21T18:25:14","guid":{"rendered":"https:\/\/egiarecords.com\/?post_type=product&#038;p=6404"},"modified":"2026-04-21T20:25:33","modified_gmt":"2026-04-21T18:25:33","slug":"santigold-spirituals","status":"publish","type":"product","link":"https:\/\/egiarecords.com\/eu\/denda\/santigold-spirituals\/","title":{"rendered":"Santigold &#8211; Spirituals"},"content":{"rendered":"<p>Fiel a su estilo inclasificable, el disco es una mezcla magistral de post-punk, dancehall, electr\u00f3nica y pop experimental, con una producci\u00f3n futurista que envuelve letras cargadas de introspecci\u00f3n y fuerza<\/p>\n","protected":false},"excerpt":{"rendered":"<p>Fiel a su estilo inclasificable, el disco es una mezcla magistral de post-punk, dancehall, electr\u00f3nica y pop experimental, con una producci\u00f3n futurista que envuelve letras cargadas de introspecci\u00f3n y fuerza<\/p>\n","protected":false},"featured_media":6406,"template":"","meta":[],"product_brand":[],"product_cat":[689],"product_tag":[],"sello":[1777],"artista":[1776],"class_list":{"0":"post-6404","1":"product","2":"type-product","3":"status-publish","4":"has-post-thumbnail","6":"product_cat-vinilos","7":"sello-little-jerk-records","8":"artista-santigold","9":"fecha-317","10":"estilo-indie-rock","12":"first","13":"instock","14":"taxable","15":"shipping-taxable","16":"purchasable","17":"product-type-simple"},"_links":{"self":[{"href":"https:\/\/egiarecords.com\/eu\/wp-json\/wp\/v2\/product\/6404","targetHints":{"allow":["GET"]}}],"collection":[{"href":"https:\/\/egiarecords.com\/eu\/wp-json\/wp\/v2\/product"}],"about":[{"href":"https:\/\/egiarecords.com\/eu\/wp-json\/wp\/v2\/types\/product"}],"wp:featuredmedia":[{"embeddable":true,"href":"https:\/\/egiarecords.com\/eu\/wp-json\/wp\/v2\/media\/6406"}],"wp:attachment":[{"href":"https:\/\/egiarecords.com\/eu\/wp-json\/wp\/v2\/media?parent=6404"}],"wp:term":[{"taxonomy":"product_brand","embeddable":true,"href":"https:\/\/egiarecords.com\/eu\/wp-json\/wp\/v2\/product_brand?post=6404"},{"taxonomy":"product_cat","embeddable":true,"href":"https:\/\/egiarecords.com\/eu\/wp-json\/wp\/v2\/product_cat?post=6404"},{"taxonomy":"product_tag","embeddable":true,"href":"https:\/\/egiarecords.com\/eu\/wp-json\/wp\/v2\/product_tag?post=6404"},{"taxonomy":"sello","embeddable":true,"href":"https:\/\/egiarecords.com\/eu\/wp-json\/wp\/v2\/sello?post=6404"},{"taxonomy":"artista","embeddable":true,"href":"https:\/\/egiarecords.com\/eu\/wp-json\/wp\/v2\/artista?post=6404"}],"curies":[{"name":"wp","href":"https:\/\/api.w.org\/{rel}","templated":true}]}}