{"id":6401,"date":"2026-04-21T20:22:54","date_gmt":"2026-04-21T18:22:54","guid":{"rendered":"https:\/\/egiarecords.com\/?post_type=product&#038;p=6401"},"modified":"2026-04-21T20:23:30","modified_gmt":"2026-04-21T18:23:30","slug":"fka-twigs-magdalene","status":"publish","type":"product","link":"https:\/\/egiarecords.com\/eu\/denda\/fka-twigs-magdalene\/","title":{"rendered":"FKA Twigs &#8211; Magdalene"},"content":{"rendered":"<p>Aclamado como uno de los mejores discos de la d\u00e9cada, <i data-path-to-node=\"2,2,0\" data-index-in-node=\"71\">MAGDALENE<\/i> consolid\u00f3 a twigs como una visionaria total, capaz de convertir el sufrimiento personal en una experiencia est\u00e9tica trascendental y universal<\/p>\n","protected":false},"excerpt":{"rendered":"<p>Aclamado como uno de los mejores discos de la d\u00e9cada, MAGDALENE consolid\u00f3 a twigs como una visionaria total, capaz de convertir el sufrimiento personal en una experiencia est\u00e9tica trascendental y universal<\/p>\n","protected":false},"featured_media":6402,"template":"","meta":[],"product_brand":[],"product_cat":[689],"product_tag":[],"sello":[63],"artista":[436],"class_list":{"0":"post-6401","1":"product","2":"type-product","3":"status-publish","4":"has-post-thumbnail","6":"product_cat-vinilos","7":"sello-young-turks","8":"artista-fka-twigs","9":"fecha-320","10":"estilo-contemporary-rb","11":"estilo-downtempo","12":"estilo-ethereal","14":"first","15":"instock","16":"taxable","17":"shipping-taxable","18":"purchasable","19":"product-type-simple"},"_links":{"self":[{"href":"https:\/\/egiarecords.com\/eu\/wp-json\/wp\/v2\/product\/6401","targetHints":{"allow":["GET"]}}],"collection":[{"href":"https:\/\/egiarecords.com\/eu\/wp-json\/wp\/v2\/product"}],"about":[{"href":"https:\/\/egiarecords.com\/eu\/wp-json\/wp\/v2\/types\/product"}],"wp:featuredmedia":[{"embeddable":true,"href":"https:\/\/egiarecords.com\/eu\/wp-json\/wp\/v2\/media\/6402"}],"wp:attachment":[{"href":"https:\/\/egiarecords.com\/eu\/wp-json\/wp\/v2\/media?parent=6401"}],"wp:term":[{"taxonomy":"product_brand","embeddable":true,"href":"https:\/\/egiarecords.com\/eu\/wp-json\/wp\/v2\/product_brand?post=6401"},{"taxonomy":"product_cat","embeddable":true,"href":"https:\/\/egiarecords.com\/eu\/wp-json\/wp\/v2\/product_cat?post=6401"},{"taxonomy":"product_tag","embeddable":true,"href":"https:\/\/egiarecords.com\/eu\/wp-json\/wp\/v2\/product_tag?post=6401"},{"taxonomy":"sello","embeddable":true,"href":"https:\/\/egiarecords.com\/eu\/wp-json\/wp\/v2\/sello?post=6401"},{"taxonomy":"artista","embeddable":true,"href":"https:\/\/egiarecords.com\/eu\/wp-json\/wp\/v2\/artista?post=6401"}],"curies":[{"name":"wp","href":"https:\/\/api.w.org\/{rel}","templated":true}]}}