{"id":6396,"date":"2026-04-21T20:20:45","date_gmt":"2026-04-21T18:20:45","guid":{"rendered":"https:\/\/egiarecords.com\/?post_type=product&#038;p=6396"},"modified":"2026-04-22T12:35:39","modified_gmt":"2026-04-22T10:35:39","slug":"jessie-ware-superbloom","status":"publish","type":"product","link":"https:\/\/egiarecords.com\/eu\/denda\/jessie-ware-superbloom\/","title":{"rendered":"Jessie Ware &#8211; Superbloom"},"content":{"rendered":"<p>El \u00e1lbum destaca por su producci\u00f3n exuberante y org\u00e1nica, donde las armon\u00edas corales se entrelazan con ritmos disco y funk, creando un paisaje sonoro acogedor que realza la calidez y el control de su voz.<\/p>\n","protected":false},"excerpt":{"rendered":"<p>El \u00e1lbum destaca por su producci\u00f3n exuberante y org\u00e1nica, donde las armon\u00edas corales se entrelazan con ritmos disco y funk, creando un paisaje sonoro acogedor que realza la calidez y el control de su voz.<\/p>\n","protected":false},"featured_media":6399,"template":"","meta":[],"product_brand":[],"product_cat":[689],"product_tag":[],"sello":[395],"artista":[1775],"class_list":{"0":"post-6396","1":"product","2":"type-product","3":"status-publish","4":"has-post-thumbnail","6":"product_cat-vinilos","7":"sello-emi","8":"artista-jessie-ware","9":"fecha-1302","10":"estilo-dance-pop","11":"estilo-disco","12":"estilo-nu-disco","14":"first","15":"instock","16":"taxable","17":"shipping-taxable","18":"purchasable","19":"product-type-simple"},"_links":{"self":[{"href":"https:\/\/egiarecords.com\/eu\/wp-json\/wp\/v2\/product\/6396","targetHints":{"allow":["GET"]}}],"collection":[{"href":"https:\/\/egiarecords.com\/eu\/wp-json\/wp\/v2\/product"}],"about":[{"href":"https:\/\/egiarecords.com\/eu\/wp-json\/wp\/v2\/types\/product"}],"wp:featuredmedia":[{"embeddable":true,"href":"https:\/\/egiarecords.com\/eu\/wp-json\/wp\/v2\/media\/6399"}],"wp:attachment":[{"href":"https:\/\/egiarecords.com\/eu\/wp-json\/wp\/v2\/media?parent=6396"}],"wp:term":[{"taxonomy":"product_brand","embeddable":true,"href":"https:\/\/egiarecords.com\/eu\/wp-json\/wp\/v2\/product_brand?post=6396"},{"taxonomy":"product_cat","embeddable":true,"href":"https:\/\/egiarecords.com\/eu\/wp-json\/wp\/v2\/product_cat?post=6396"},{"taxonomy":"product_tag","embeddable":true,"href":"https:\/\/egiarecords.com\/eu\/wp-json\/wp\/v2\/product_tag?post=6396"},{"taxonomy":"sello","embeddable":true,"href":"https:\/\/egiarecords.com\/eu\/wp-json\/wp\/v2\/sello?post=6396"},{"taxonomy":"artista","embeddable":true,"href":"https:\/\/egiarecords.com\/eu\/wp-json\/wp\/v2\/artista?post=6396"}],"curies":[{"name":"wp","href":"https:\/\/api.w.org\/{rel}","templated":true}]}}