{"id":6391,"date":"2026-04-21T19:42:42","date_gmt":"2026-04-21T17:42:42","guid":{"rendered":"https:\/\/egiarecords.com\/?post_type=product&#038;p=6391"},"modified":"2026-04-21T19:42:56","modified_gmt":"2026-04-21T17:42:56","slug":"vampire-weekend-modern-vampires-of-the-city","status":"publish","type":"product","link":"https:\/\/egiarecords.com\/eu\/denda\/vampire-weekend-modern-vampires-of-the-city\/","title":{"rendered":"Vampire Weekend &#8211; Modern Vampires Of The City"},"content":{"rendered":"<p>Es un \u00e1lbum de madurez brillante donde la banda cambia su est\u00e9tica de &#8216;preppy art-pop&#8217; por una exploraci\u00f3n profunda y espiritual sobre el paso del tiempo y la fe en la gran metr\u00f3poli.<\/p>\n","protected":false},"excerpt":{"rendered":"<p>Es un \u00e1lbum de madurez brillante donde la banda cambia su est\u00e9tica de &#8216;preppy art-pop&#8217; por una exploraci\u00f3n profunda y espiritual sobre el paso del tiempo y la fe en la gran metr\u00f3poli.<\/p>\n","protected":false},"featured_media":6393,"template":"","meta":[],"product_brand":[],"product_cat":[689],"product_tag":[],"sello":[66],"artista":[672],"class_list":{"0":"post-6391","1":"product","2":"type-product","3":"status-publish","4":"has-post-thumbnail","6":"product_cat-vinilos","7":"sello-xl-recordings","8":"artista-vampire-weekend","9":"fecha-1277","10":"estilo-indie-pop","11":"estilo-indie-rock","12":"estilo-pop-rock","14":"first","15":"instock","16":"taxable","17":"shipping-taxable","18":"purchasable","19":"product-type-simple"},"_links":{"self":[{"href":"https:\/\/egiarecords.com\/eu\/wp-json\/wp\/v2\/product\/6391","targetHints":{"allow":["GET"]}}],"collection":[{"href":"https:\/\/egiarecords.com\/eu\/wp-json\/wp\/v2\/product"}],"about":[{"href":"https:\/\/egiarecords.com\/eu\/wp-json\/wp\/v2\/types\/product"}],"wp:featuredmedia":[{"embeddable":true,"href":"https:\/\/egiarecords.com\/eu\/wp-json\/wp\/v2\/media\/6393"}],"wp:attachment":[{"href":"https:\/\/egiarecords.com\/eu\/wp-json\/wp\/v2\/media?parent=6391"}],"wp:term":[{"taxonomy":"product_brand","embeddable":true,"href":"https:\/\/egiarecords.com\/eu\/wp-json\/wp\/v2\/product_brand?post=6391"},{"taxonomy":"product_cat","embeddable":true,"href":"https:\/\/egiarecords.com\/eu\/wp-json\/wp\/v2\/product_cat?post=6391"},{"taxonomy":"product_tag","embeddable":true,"href":"https:\/\/egiarecords.com\/eu\/wp-json\/wp\/v2\/product_tag?post=6391"},{"taxonomy":"sello","embeddable":true,"href":"https:\/\/egiarecords.com\/eu\/wp-json\/wp\/v2\/sello?post=6391"},{"taxonomy":"artista","embeddable":true,"href":"https:\/\/egiarecords.com\/eu\/wp-json\/wp\/v2\/artista?post=6391"}],"curies":[{"name":"wp","href":"https:\/\/api.w.org\/{rel}","templated":true}]}}