{"id":6374,"date":"2026-04-20T20:20:40","date_gmt":"2026-04-20T18:20:40","guid":{"rendered":"https:\/\/egiarecords.com\/?post_type=product&#038;p=6374"},"modified":"2026-04-20T20:28:29","modified_gmt":"2026-04-20T18:28:29","slug":"nas-gods-son","status":"publish","type":"product","link":"https:\/\/egiarecords.com\/eu\/denda\/nas-gods-son\/","title":{"rendered":"Nas &#8211; God&#8217;s Son"},"content":{"rendered":"<p>El \u00e1lbum equilibra perfectamente la agresividad l\u00edrica del hip-hop neoyorquino con producciones mel\u00f3dicas y \u00e9picas, destacando cl\u00e1sicos instant\u00e1neos como &#8216;I Can&#8217; y la introspectiva &#8216;Get Down<\/p>\n","protected":false},"excerpt":{"rendered":"<p>El \u00e1lbum equilibra perfectamente la agresividad l\u00edrica del hip-hop neoyorquino con producciones mel\u00f3dicas y \u00e9picas, destacando cl\u00e1sicos instant\u00e1neos como &#8216;I Can&#8217; y la introspectiva &#8216;Get Down<\/p>\n","protected":false},"featured_media":6376,"template":"","meta":[],"product_brand":[],"product_cat":[689],"product_tag":[],"sello":[74,471],"artista":[1092],"class_list":{"0":"post-6374","1":"product","2":"type-product","3":"status-publish","4":"has-post-thumbnail","6":"product_cat-vinilos","7":"sello-columbia","8":"sello-legacy","9":"artista-nas","10":"fecha-1302","12":"first","13":"instock","14":"taxable","15":"shipping-taxable","16":"purchasable","17":"product-type-simple"},"_links":{"self":[{"href":"https:\/\/egiarecords.com\/eu\/wp-json\/wp\/v2\/product\/6374","targetHints":{"allow":["GET"]}}],"collection":[{"href":"https:\/\/egiarecords.com\/eu\/wp-json\/wp\/v2\/product"}],"about":[{"href":"https:\/\/egiarecords.com\/eu\/wp-json\/wp\/v2\/types\/product"}],"wp:featuredmedia":[{"embeddable":true,"href":"https:\/\/egiarecords.com\/eu\/wp-json\/wp\/v2\/media\/6376"}],"wp:attachment":[{"href":"https:\/\/egiarecords.com\/eu\/wp-json\/wp\/v2\/media?parent=6374"}],"wp:term":[{"taxonomy":"product_brand","embeddable":true,"href":"https:\/\/egiarecords.com\/eu\/wp-json\/wp\/v2\/product_brand?post=6374"},{"taxonomy":"product_cat","embeddable":true,"href":"https:\/\/egiarecords.com\/eu\/wp-json\/wp\/v2\/product_cat?post=6374"},{"taxonomy":"product_tag","embeddable":true,"href":"https:\/\/egiarecords.com\/eu\/wp-json\/wp\/v2\/product_tag?post=6374"},{"taxonomy":"sello","embeddable":true,"href":"https:\/\/egiarecords.com\/eu\/wp-json\/wp\/v2\/sello?post=6374"},{"taxonomy":"artista","embeddable":true,"href":"https:\/\/egiarecords.com\/eu\/wp-json\/wp\/v2\/artista?post=6374"}],"curies":[{"name":"wp","href":"https:\/\/api.w.org\/{rel}","templated":true}]}}