{"id":6367,"date":"2026-04-20T19:27:20","date_gmt":"2026-04-20T17:27:20","guid":{"rendered":"https:\/\/egiarecords.com\/?post_type=product&#038;p=6367"},"modified":"2026-04-20T19:27:28","modified_gmt":"2026-04-20T17:27:28","slug":"wiz-khalifa-khalifa","status":"publish","type":"product","link":"https:\/\/egiarecords.com\/eu\/denda\/wiz-khalifa-khalifa\/","title":{"rendered":"Wiz Khalifa &#8211; Khalifa"},"content":{"rendered":"<p>El \u00e1lbum brilla por su producci\u00f3n atmosf\u00e9rica y sus bajos profundos, donde Wiz despliega su flow mel\u00f3dico sobre ritmos que invitan al relax, destacando colaboraciones con Travis Scott y Ty Dolla $ign.<\/p>\n","protected":false},"excerpt":{"rendered":"<p>El \u00e1lbum brilla por su producci\u00f3n atmosf\u00e9rica y sus bajos profundos, donde Wiz despliega su flow mel\u00f3dico sobre ritmos que invitan al relax, destacando colaboraciones con Travis Scott y Ty Dolla $ign.<\/p>\n","protected":false},"featured_media":6371,"template":"","meta":[],"product_brand":[],"product_cat":[689],"product_tag":[],"sello":[1772],"artista":[1771],"class_list":{"0":"post-6367","1":"product","2":"type-product","3":"status-publish","4":"has-post-thumbnail","6":"product_cat-vinilos","7":"sello-real-gone-music","8":"artista-wiz-khalifa","9":"fecha-1302","11":"first","12":"instock","13":"taxable","14":"shipping-taxable","15":"purchasable","16":"product-type-simple"},"_links":{"self":[{"href":"https:\/\/egiarecords.com\/eu\/wp-json\/wp\/v2\/product\/6367","targetHints":{"allow":["GET"]}}],"collection":[{"href":"https:\/\/egiarecords.com\/eu\/wp-json\/wp\/v2\/product"}],"about":[{"href":"https:\/\/egiarecords.com\/eu\/wp-json\/wp\/v2\/types\/product"}],"wp:featuredmedia":[{"embeddable":true,"href":"https:\/\/egiarecords.com\/eu\/wp-json\/wp\/v2\/media\/6371"}],"wp:attachment":[{"href":"https:\/\/egiarecords.com\/eu\/wp-json\/wp\/v2\/media?parent=6367"}],"wp:term":[{"taxonomy":"product_brand","embeddable":true,"href":"https:\/\/egiarecords.com\/eu\/wp-json\/wp\/v2\/product_brand?post=6367"},{"taxonomy":"product_cat","embeddable":true,"href":"https:\/\/egiarecords.com\/eu\/wp-json\/wp\/v2\/product_cat?post=6367"},{"taxonomy":"product_tag","embeddable":true,"href":"https:\/\/egiarecords.com\/eu\/wp-json\/wp\/v2\/product_tag?post=6367"},{"taxonomy":"sello","embeddable":true,"href":"https:\/\/egiarecords.com\/eu\/wp-json\/wp\/v2\/sello?post=6367"},{"taxonomy":"artista","embeddable":true,"href":"https:\/\/egiarecords.com\/eu\/wp-json\/wp\/v2\/artista?post=6367"}],"curies":[{"name":"wp","href":"https:\/\/api.w.org\/{rel}","templated":true}]}}