{"id":6363,"date":"2026-04-20T19:21:08","date_gmt":"2026-04-20T17:21:08","guid":{"rendered":"https:\/\/egiarecords.com\/?post_type=product&#038;p=6363"},"modified":"2026-04-20T19:21:19","modified_gmt":"2026-04-20T17:21:19","slug":"xzibit-at-the-speed-of-life","status":"publish","type":"product","link":"https:\/\/egiarecords.com\/eu\/denda\/xzibit-at-the-speed-of-life\/","title":{"rendered":"Xzibit &#8211; At The Speed Of Life"},"content":{"rendered":"<p>El \u00e1lbum destaca por su producci\u00f3n oscura y atmosf\u00e9rica, con samples orquestales que sirven de tel\u00f3n de fondo perfecto para el flujo agresivo y t\u00e9cnico de Xzibit, especialmente en himnos como &#8216;Paparazzi&#8217;.<\/p>\n","protected":false},"excerpt":{"rendered":"<p>El \u00e1lbum destaca por su producci\u00f3n oscura y atmosf\u00e9rica, con samples orquestales que sirven de tel\u00f3n de fondo perfecto para el flujo agresivo y t\u00e9cnico de Xzibit, especialmente en himnos como &#8216;Paparazzi&#8217;.<\/p>\n","protected":false},"featured_media":6365,"template":"","meta":[],"product_brand":[],"product_cat":[689],"product_tag":[],"sello":[471,1086,1448,33],"artista":[1770],"class_list":{"0":"post-6363","1":"product","2":"type-product","3":"status-publish","4":"has-post-thumbnail","6":"product_cat-vinilos","7":"sello-legacy","8":"sello-loud-records","9":"sello-rca-records","10":"sello-sony-music","11":"artista-xzibit","12":"fecha-1302","14":"first","15":"instock","16":"taxable","17":"shipping-taxable","18":"purchasable","19":"product-type-simple"},"_links":{"self":[{"href":"https:\/\/egiarecords.com\/eu\/wp-json\/wp\/v2\/product\/6363","targetHints":{"allow":["GET"]}}],"collection":[{"href":"https:\/\/egiarecords.com\/eu\/wp-json\/wp\/v2\/product"}],"about":[{"href":"https:\/\/egiarecords.com\/eu\/wp-json\/wp\/v2\/types\/product"}],"wp:featuredmedia":[{"embeddable":true,"href":"https:\/\/egiarecords.com\/eu\/wp-json\/wp\/v2\/media\/6365"}],"wp:attachment":[{"href":"https:\/\/egiarecords.com\/eu\/wp-json\/wp\/v2\/media?parent=6363"}],"wp:term":[{"taxonomy":"product_brand","embeddable":true,"href":"https:\/\/egiarecords.com\/eu\/wp-json\/wp\/v2\/product_brand?post=6363"},{"taxonomy":"product_cat","embeddable":true,"href":"https:\/\/egiarecords.com\/eu\/wp-json\/wp\/v2\/product_cat?post=6363"},{"taxonomy":"product_tag","embeddable":true,"href":"https:\/\/egiarecords.com\/eu\/wp-json\/wp\/v2\/product_tag?post=6363"},{"taxonomy":"sello","embeddable":true,"href":"https:\/\/egiarecords.com\/eu\/wp-json\/wp\/v2\/sello?post=6363"},{"taxonomy":"artista","embeddable":true,"href":"https:\/\/egiarecords.com\/eu\/wp-json\/wp\/v2\/artista?post=6363"}],"curies":[{"name":"wp","href":"https:\/\/api.w.org\/{rel}","templated":true}]}}