{"id":6356,"date":"2026-04-20T19:18:14","date_gmt":"2026-04-20T17:18:14","guid":{"rendered":"https:\/\/egiarecords.com\/?post_type=product&#038;p=6356"},"modified":"2026-04-20T19:18:54","modified_gmt":"2026-04-20T17:18:54","slug":"ziggy-marley-brightside","status":"publish","type":"product","link":"https:\/\/egiarecords.com\/eu\/denda\/ziggy-marley-brightside\/","title":{"rendered":"Ziggy Marley &#8211; Brightside"},"content":{"rendered":"<p>El disco ofrece una producci\u00f3n impecable que equilibra las ra\u00edces del <i data-path-to-node=\"2,1,0\" data-index-in-node=\"86\">roots reggae<\/i> con pinceladas de pop y soul, creando una atm\u00f3sfera sonora c\u00e1lida, acogedora y llena de matices.<\/p>\n","protected":false},"excerpt":{"rendered":"<p>El disco ofrece una producci\u00f3n impecable que equilibra las ra\u00edces del roots reggae con pinceladas de pop y soul, creando una atm\u00f3sfera sonora c\u00e1lida, acogedora y llena de matices.<\/p>\n","protected":false},"featured_media":6361,"template":"","meta":[],"product_brand":[],"product_cat":[689],"product_tag":[],"sello":[1768,1769],"artista":[1767],"class_list":{"0":"post-6356","1":"product","2":"type-product","3":"status-publish","4":"has-post-thumbnail","6":"product_cat-vinilos","7":"sello-tuff-gong-worldwide","8":"sello-v2-records","9":"artista-ziggy-marley","10":"fecha-1302","12":"first","13":"instock","14":"taxable","15":"shipping-taxable","16":"purchasable","17":"product-type-simple"},"_links":{"self":[{"href":"https:\/\/egiarecords.com\/eu\/wp-json\/wp\/v2\/product\/6356","targetHints":{"allow":["GET"]}}],"collection":[{"href":"https:\/\/egiarecords.com\/eu\/wp-json\/wp\/v2\/product"}],"about":[{"href":"https:\/\/egiarecords.com\/eu\/wp-json\/wp\/v2\/types\/product"}],"wp:featuredmedia":[{"embeddable":true,"href":"https:\/\/egiarecords.com\/eu\/wp-json\/wp\/v2\/media\/6361"}],"wp:attachment":[{"href":"https:\/\/egiarecords.com\/eu\/wp-json\/wp\/v2\/media?parent=6356"}],"wp:term":[{"taxonomy":"product_brand","embeddable":true,"href":"https:\/\/egiarecords.com\/eu\/wp-json\/wp\/v2\/product_brand?post=6356"},{"taxonomy":"product_cat","embeddable":true,"href":"https:\/\/egiarecords.com\/eu\/wp-json\/wp\/v2\/product_cat?post=6356"},{"taxonomy":"product_tag","embeddable":true,"href":"https:\/\/egiarecords.com\/eu\/wp-json\/wp\/v2\/product_tag?post=6356"},{"taxonomy":"sello","embeddable":true,"href":"https:\/\/egiarecords.com\/eu\/wp-json\/wp\/v2\/sello?post=6356"},{"taxonomy":"artista","embeddable":true,"href":"https:\/\/egiarecords.com\/eu\/wp-json\/wp\/v2\/artista?post=6356"}],"curies":[{"name":"wp","href":"https:\/\/api.w.org\/{rel}","templated":true}]}}