{"id":6351,"date":"2026-04-20T19:14:06","date_gmt":"2026-04-20T17:14:06","guid":{"rendered":"https:\/\/egiarecords.com\/?post_type=product&#038;p=6351"},"modified":"2026-04-20T19:14:30","modified_gmt":"2026-04-20T17:14:30","slug":"chet-baker-at-george-jazzcafe-1983-arnhem-the-netherlands","status":"publish","type":"product","link":"https:\/\/egiarecords.com\/eu\/denda\/chet-baker-at-george-jazzcafe-1983-arnhem-the-netherlands\/","title":{"rendered":"Chet Baker &#8211; At George Jazzcaf\u00e9, 1983, Arnhem, The Netherlands"},"content":{"rendered":"<p>Es un documento sonoro conmovedor que captura la esencia del Chet Baker tard\u00edo, donde su trompeta suena m\u00e1s l\u00edrica y desnuda que nunca en la atm\u00f3sfera acogedora de un club holand\u00e9s.<\/p>\n","protected":false},"excerpt":{"rendered":"<p>Es un documento sonoro conmovedor que captura la esencia del Chet Baker tard\u00edo, donde su trompeta suena m\u00e1s l\u00edrica y desnuda que nunca en la atm\u00f3sfera acogedora de un club holand\u00e9s.<\/p>\n","protected":false},"featured_media":6354,"template":"","meta":[],"product_brand":[],"product_cat":[689],"product_tag":[],"sello":[835,1766],"artista":[1765],"class_list":{"0":"post-6351","1":"product","2":"type-product","3":"status-publish","4":"has-post-thumbnail","6":"product_cat-vinilos","7":"sello-music-on-vinyl","8":"sello-timeless-records","9":"artista-chet-baker","10":"fecha-1302","12":"first","13":"instock","14":"taxable","15":"shipping-taxable","16":"purchasable","17":"product-type-simple"},"_links":{"self":[{"href":"https:\/\/egiarecords.com\/eu\/wp-json\/wp\/v2\/product\/6351","targetHints":{"allow":["GET"]}}],"collection":[{"href":"https:\/\/egiarecords.com\/eu\/wp-json\/wp\/v2\/product"}],"about":[{"href":"https:\/\/egiarecords.com\/eu\/wp-json\/wp\/v2\/types\/product"}],"wp:featuredmedia":[{"embeddable":true,"href":"https:\/\/egiarecords.com\/eu\/wp-json\/wp\/v2\/media\/6354"}],"wp:attachment":[{"href":"https:\/\/egiarecords.com\/eu\/wp-json\/wp\/v2\/media?parent=6351"}],"wp:term":[{"taxonomy":"product_brand","embeddable":true,"href":"https:\/\/egiarecords.com\/eu\/wp-json\/wp\/v2\/product_brand?post=6351"},{"taxonomy":"product_cat","embeddable":true,"href":"https:\/\/egiarecords.com\/eu\/wp-json\/wp\/v2\/product_cat?post=6351"},{"taxonomy":"product_tag","embeddable":true,"href":"https:\/\/egiarecords.com\/eu\/wp-json\/wp\/v2\/product_tag?post=6351"},{"taxonomy":"sello","embeddable":true,"href":"https:\/\/egiarecords.com\/eu\/wp-json\/wp\/v2\/sello?post=6351"},{"taxonomy":"artista","embeddable":true,"href":"https:\/\/egiarecords.com\/eu\/wp-json\/wp\/v2\/artista?post=6351"}],"curies":[{"name":"wp","href":"https:\/\/api.w.org\/{rel}","templated":true}]}}