{"id":6332,"date":"2026-04-20T18:48:09","date_gmt":"2026-04-20T16:48:09","guid":{"rendered":"https:\/\/egiarecords.com\/?post_type=product&#038;p=6332"},"modified":"2026-04-21T08:18:38","modified_gmt":"2026-04-21T06:18:38","slug":"stephen-schwartz-wicked-one-wonderful-night-live-the-soundtrack","status":"publish","type":"product","link":"https:\/\/egiarecords.com\/eu\/denda\/stephen-schwartz-wicked-one-wonderful-night-live-the-soundtrack\/","title":{"rendered":"Stephen Schwartz &#8211; Wicked: One Wonderful Night (Live) &#8211; The Soundtrack"},"content":{"rendered":"<p>Es una celebraci\u00f3n vibrante de la m\u00fasica de Stephen Schwartz, capturando la magia y la emoci\u00f3n de una noche inolvidable que rinde homenaje al legado de las brujas de Oz<\/p>\n","protected":false},"excerpt":{"rendered":"<p>Es una celebraci\u00f3n vibrante de la m\u00fasica de Stephen Schwartz, capturando la magia y la emoci\u00f3n de una noche inolvidable que rinde homenaje al legado de las brujas de Oz<\/p>\n","protected":false},"featured_media":6336,"template":"","meta":[],"product_brand":[],"product_cat":[689],"product_tag":[],"sello":[952,1758],"artista":[1756],"class_list":{"0":"post-6332","1":"product","2":"type-product","3":"status-publish","4":"has-post-thumbnail","6":"product_cat-vinilos","7":"sello-republic-records","8":"sello-universal-studios","9":"artista-stephen-schwartz","10":"fecha-1302","11":"estilo-concert-film","12":"estilo-soundtrack","14":"first","15":"outofstock","16":"taxable","17":"shipping-taxable","18":"purchasable","19":"product-type-simple"},"_links":{"self":[{"href":"https:\/\/egiarecords.com\/eu\/wp-json\/wp\/v2\/product\/6332","targetHints":{"allow":["GET"]}}],"collection":[{"href":"https:\/\/egiarecords.com\/eu\/wp-json\/wp\/v2\/product"}],"about":[{"href":"https:\/\/egiarecords.com\/eu\/wp-json\/wp\/v2\/types\/product"}],"wp:featuredmedia":[{"embeddable":true,"href":"https:\/\/egiarecords.com\/eu\/wp-json\/wp\/v2\/media\/6336"}],"wp:attachment":[{"href":"https:\/\/egiarecords.com\/eu\/wp-json\/wp\/v2\/media?parent=6332"}],"wp:term":[{"taxonomy":"product_brand","embeddable":true,"href":"https:\/\/egiarecords.com\/eu\/wp-json\/wp\/v2\/product_brand?post=6332"},{"taxonomy":"product_cat","embeddable":true,"href":"https:\/\/egiarecords.com\/eu\/wp-json\/wp\/v2\/product_cat?post=6332"},{"taxonomy":"product_tag","embeddable":true,"href":"https:\/\/egiarecords.com\/eu\/wp-json\/wp\/v2\/product_tag?post=6332"},{"taxonomy":"sello","embeddable":true,"href":"https:\/\/egiarecords.com\/eu\/wp-json\/wp\/v2\/sello?post=6332"},{"taxonomy":"artista","embeddable":true,"href":"https:\/\/egiarecords.com\/eu\/wp-json\/wp\/v2\/artista?post=6332"}],"curies":[{"name":"wp","href":"https:\/\/api.w.org\/{rel}","templated":true}]}}