{"id":6327,"date":"2026-04-20T18:42:23","date_gmt":"2026-04-20T16:42:23","guid":{"rendered":"https:\/\/egiarecords.com\/?post_type=product&#038;p=6327"},"modified":"2026-04-20T18:43:44","modified_gmt":"2026-04-20T16:43:44","slug":"dead-or-alive-the-youthquake-tour","status":"publish","type":"product","link":"https:\/\/egiarecords.com\/eu\/denda\/dead-or-alive-the-youthquake-tour\/","title":{"rendered":"Dead Or Alive &#8211; The &#8220;Youthquake&#8221; Tour"},"content":{"rendered":"<p>M\u00e1s que un simple concierto, es el documento de una revoluci\u00f3n est\u00e9tica y musical que defini\u00f3 el pop m\u00e1s hedonista de los 80, culminando con la interpretaci\u00f3n apote\u00f3sica de &#8216;You Spin Me Round (Like a Record)<\/p>\n","protected":false},"excerpt":{"rendered":"<p>M\u00e1s que un simple concierto, es el documento de una revoluci\u00f3n est\u00e9tica y musical que defini\u00f3 el pop m\u00e1s hedonista de los 80, culminando con la interpretaci\u00f3n apote\u00f3sica de &#8216;You Spin Me Round (Like a Record)<\/p>\n","protected":false},"featured_media":6330,"template":"","meta":[],"product_brand":[],"product_cat":[689],"product_tag":[],"sello":[1737],"artista":[1754],"class_list":{"0":"post-6327","1":"product","2":"type-product","3":"status-publish","4":"has-post-thumbnail","6":"product_cat-vinilos","7":"sello-demon-records","8":"artista-dead-or-alive","9":"fecha-1302","10":"estilo-hi-nrg","11":"estilo-new-wave","12":"estilo-synth-pop","14":"first","15":"instock","16":"taxable","17":"shipping-taxable","18":"purchasable","19":"product-type-simple"},"_links":{"self":[{"href":"https:\/\/egiarecords.com\/eu\/wp-json\/wp\/v2\/product\/6327","targetHints":{"allow":["GET"]}}],"collection":[{"href":"https:\/\/egiarecords.com\/eu\/wp-json\/wp\/v2\/product"}],"about":[{"href":"https:\/\/egiarecords.com\/eu\/wp-json\/wp\/v2\/types\/product"}],"wp:featuredmedia":[{"embeddable":true,"href":"https:\/\/egiarecords.com\/eu\/wp-json\/wp\/v2\/media\/6330"}],"wp:attachment":[{"href":"https:\/\/egiarecords.com\/eu\/wp-json\/wp\/v2\/media?parent=6327"}],"wp:term":[{"taxonomy":"product_brand","embeddable":true,"href":"https:\/\/egiarecords.com\/eu\/wp-json\/wp\/v2\/product_brand?post=6327"},{"taxonomy":"product_cat","embeddable":true,"href":"https:\/\/egiarecords.com\/eu\/wp-json\/wp\/v2\/product_cat?post=6327"},{"taxonomy":"product_tag","embeddable":true,"href":"https:\/\/egiarecords.com\/eu\/wp-json\/wp\/v2\/product_tag?post=6327"},{"taxonomy":"sello","embeddable":true,"href":"https:\/\/egiarecords.com\/eu\/wp-json\/wp\/v2\/sello?post=6327"},{"taxonomy":"artista","embeddable":true,"href":"https:\/\/egiarecords.com\/eu\/wp-json\/wp\/v2\/artista?post=6327"}],"curies":[{"name":"wp","href":"https:\/\/api.w.org\/{rel}","templated":true}]}}