{"id":6320,"date":"2026-04-20T18:17:34","date_gmt":"2026-04-20T16:17:34","guid":{"rendered":"https:\/\/egiarecords.com\/?post_type=product&#038;p=6320"},"modified":"2026-04-21T11:14:55","modified_gmt":"2026-04-21T09:14:55","slug":"the-cure-greatest-hits","status":"publish","type":"product","link":"https:\/\/egiarecords.com\/eu\/denda\/the-cure-greatest-hits\/","title":{"rendered":"The Cure &#8211; Greatest Hits"},"content":{"rendered":"<p>El \u00e1lbum re\u00fane himnos generacionales que definieron una est\u00e9tica, desde el romanticismo de &#8216;Lovesong&#8217; hasta la alegr\u00eda contagiosa de &#8216;Friday I&#8217;m in Love&#8217;, todo ba\u00f1ado en sus inconfundibles guitarras con <i data-path-to-node=\"2,1,0\" data-index-in-node=\"219\">chorus<\/i>.<\/p>\n","protected":false},"excerpt":{"rendered":"<p>El \u00e1lbum re\u00fane himnos generacionales que definieron una est\u00e9tica, desde el romanticismo de &#8216;Lovesong&#8217; hasta la alegr\u00eda contagiosa de &#8216;Friday I&#8217;m in Love&#8217;, todo ba\u00f1ado en sus inconfundibles guitarras con chorus.<\/p>\n","protected":false},"featured_media":6323,"template":"","meta":[],"product_brand":[],"product_cat":[689],"product_tag":[],"sello":[1170,619,1753],"artista":[1169],"class_list":{"0":"post-6320","1":"product","2":"type-product","3":"status-publish","4":"has-post-thumbnail","6":"product_cat-vinilos","7":"sello-fiction-records","8":"sello-polydor","9":"sello-universal-music-recordings","10":"artista-the-cure","11":"fecha-1302","12":"estilo-new-wave","13":"estilo-pop-rock","14":"estilo-synth-pop","16":"first","17":"outofstock","18":"taxable","19":"shipping-taxable","20":"purchasable","21":"product-type-simple"},"_links":{"self":[{"href":"https:\/\/egiarecords.com\/eu\/wp-json\/wp\/v2\/product\/6320","targetHints":{"allow":["GET"]}}],"collection":[{"href":"https:\/\/egiarecords.com\/eu\/wp-json\/wp\/v2\/product"}],"about":[{"href":"https:\/\/egiarecords.com\/eu\/wp-json\/wp\/v2\/types\/product"}],"wp:featuredmedia":[{"embeddable":true,"href":"https:\/\/egiarecords.com\/eu\/wp-json\/wp\/v2\/media\/6323"}],"wp:attachment":[{"href":"https:\/\/egiarecords.com\/eu\/wp-json\/wp\/v2\/media?parent=6320"}],"wp:term":[{"taxonomy":"product_brand","embeddable":true,"href":"https:\/\/egiarecords.com\/eu\/wp-json\/wp\/v2\/product_brand?post=6320"},{"taxonomy":"product_cat","embeddable":true,"href":"https:\/\/egiarecords.com\/eu\/wp-json\/wp\/v2\/product_cat?post=6320"},{"taxonomy":"product_tag","embeddable":true,"href":"https:\/\/egiarecords.com\/eu\/wp-json\/wp\/v2\/product_tag?post=6320"},{"taxonomy":"sello","embeddable":true,"href":"https:\/\/egiarecords.com\/eu\/wp-json\/wp\/v2\/sello?post=6320"},{"taxonomy":"artista","embeddable":true,"href":"https:\/\/egiarecords.com\/eu\/wp-json\/wp\/v2\/artista?post=6320"}],"curies":[{"name":"wp","href":"https:\/\/api.w.org\/{rel}","templated":true}]}}