{"id":6309,"date":"2026-04-20T18:11:49","date_gmt":"2026-04-20T16:11:49","guid":{"rendered":"https:\/\/egiarecords.com\/?post_type=product&#038;p=6309"},"modified":"2026-04-20T18:12:20","modified_gmt":"2026-04-20T16:12:20","slug":"napalm-death-harmony-corruption","status":"publish","type":"product","link":"https:\/\/egiarecords.com\/eu\/denda\/napalm-death-harmony-corruption\/","title":{"rendered":"Napalm Death &#8211; Harmony Corruption"},"content":{"rendered":"<p>Este trabajo no solo consolid\u00f3 a Napalm Death en la escena internacional, sino que ayud\u00f3 a definir la est\u00e9tica sonora del metal extremo de principios de los 90, influyendo a incontables bandas de todo el mundo<\/p>\n","protected":false},"excerpt":{"rendered":"<p>Este trabajo no solo consolid\u00f3 a Napalm Death en la escena internacional, sino que ayud\u00f3 a definir la est\u00e9tica sonora del metal extremo de principios de los 90, influyendo a incontables bandas de todo el mundo<\/p>\n","protected":false},"featured_media":6312,"template":"","meta":[],"product_brand":[],"product_cat":[689],"product_tag":[],"sello":[1747],"artista":[1748],"class_list":{"0":"post-6309","1":"product","2":"type-product","3":"status-publish","4":"has-post-thumbnail","6":"product_cat-vinilos","7":"sello-earache","8":"artista-napalm-death","9":"fecha-1302","10":"estilo-death-metal","11":"estilo-grindcore","13":"first","14":"instock","15":"taxable","16":"shipping-taxable","17":"purchasable","18":"product-type-simple"},"_links":{"self":[{"href":"https:\/\/egiarecords.com\/eu\/wp-json\/wp\/v2\/product\/6309","targetHints":{"allow":["GET"]}}],"collection":[{"href":"https:\/\/egiarecords.com\/eu\/wp-json\/wp\/v2\/product"}],"about":[{"href":"https:\/\/egiarecords.com\/eu\/wp-json\/wp\/v2\/types\/product"}],"wp:featuredmedia":[{"embeddable":true,"href":"https:\/\/egiarecords.com\/eu\/wp-json\/wp\/v2\/media\/6312"}],"wp:attachment":[{"href":"https:\/\/egiarecords.com\/eu\/wp-json\/wp\/v2\/media?parent=6309"}],"wp:term":[{"taxonomy":"product_brand","embeddable":true,"href":"https:\/\/egiarecords.com\/eu\/wp-json\/wp\/v2\/product_brand?post=6309"},{"taxonomy":"product_cat","embeddable":true,"href":"https:\/\/egiarecords.com\/eu\/wp-json\/wp\/v2\/product_cat?post=6309"},{"taxonomy":"product_tag","embeddable":true,"href":"https:\/\/egiarecords.com\/eu\/wp-json\/wp\/v2\/product_tag?post=6309"},{"taxonomy":"sello","embeddable":true,"href":"https:\/\/egiarecords.com\/eu\/wp-json\/wp\/v2\/sello?post=6309"},{"taxonomy":"artista","embeddable":true,"href":"https:\/\/egiarecords.com\/eu\/wp-json\/wp\/v2\/artista?post=6309"}],"curies":[{"name":"wp","href":"https:\/\/api.w.org\/{rel}","templated":true}]}}