{"id":6303,"date":"2026-04-20T18:08:01","date_gmt":"2026-04-20T16:08:01","guid":{"rendered":"https:\/\/egiarecords.com\/?post_type=product&#038;p=6303"},"modified":"2026-04-20T18:09:04","modified_gmt":"2026-04-20T16:09:04","slug":"papa-roach-crooked-teeth","status":"publish","type":"product","link":"https:\/\/egiarecords.com\/eu\/denda\/papa-roach-crooked-teeth\/","title":{"rendered":"Papa Roach &#8211; Crooked Teeth"},"content":{"rendered":"<p>Es un \u00e1lbum de reafirmaci\u00f3n donde la banda abraza su pasado nu-metal e incorpora elementos del pop-rock actual, creando un trabajo din\u00e1mico, honesto y lleno de rabia positiva<\/p>\n","protected":false},"excerpt":{"rendered":"<p>Es un \u00e1lbum de reafirmaci\u00f3n donde la banda abraza su pasado nu-metal e incorpora elementos del pop-rock actual, creando un trabajo din\u00e1mico, honesto y lleno de rabia positiva<\/p>\n","protected":false},"featured_media":6307,"template":"","meta":[],"product_brand":[],"product_cat":[689],"product_tag":[],"sello":[1747],"artista":[1746],"class_list":{"0":"post-6303","1":"product","2":"type-product","3":"status-publish","4":"has-post-thumbnail","6":"product_cat-vinilos","7":"sello-earache","8":"artista-papa-roach","9":"fecha-1302","10":"estilo-alternative-rock","11":"estilo-hard-rock","12":"estilo-nu-metal","14":"first","15":"instock","16":"taxable","17":"shipping-taxable","18":"purchasable","19":"product-type-simple"},"_links":{"self":[{"href":"https:\/\/egiarecords.com\/eu\/wp-json\/wp\/v2\/product\/6303","targetHints":{"allow":["GET"]}}],"collection":[{"href":"https:\/\/egiarecords.com\/eu\/wp-json\/wp\/v2\/product"}],"about":[{"href":"https:\/\/egiarecords.com\/eu\/wp-json\/wp\/v2\/types\/product"}],"wp:featuredmedia":[{"embeddable":true,"href":"https:\/\/egiarecords.com\/eu\/wp-json\/wp\/v2\/media\/6307"}],"wp:attachment":[{"href":"https:\/\/egiarecords.com\/eu\/wp-json\/wp\/v2\/media?parent=6303"}],"wp:term":[{"taxonomy":"product_brand","embeddable":true,"href":"https:\/\/egiarecords.com\/eu\/wp-json\/wp\/v2\/product_brand?post=6303"},{"taxonomy":"product_cat","embeddable":true,"href":"https:\/\/egiarecords.com\/eu\/wp-json\/wp\/v2\/product_cat?post=6303"},{"taxonomy":"product_tag","embeddable":true,"href":"https:\/\/egiarecords.com\/eu\/wp-json\/wp\/v2\/product_tag?post=6303"},{"taxonomy":"sello","embeddable":true,"href":"https:\/\/egiarecords.com\/eu\/wp-json\/wp\/v2\/sello?post=6303"},{"taxonomy":"artista","embeddable":true,"href":"https:\/\/egiarecords.com\/eu\/wp-json\/wp\/v2\/artista?post=6303"}],"curies":[{"name":"wp","href":"https:\/\/api.w.org\/{rel}","templated":true}]}}