{"id":6297,"date":"2026-04-20T17:55:00","date_gmt":"2026-04-20T15:55:00","guid":{"rendered":"https:\/\/egiarecords.com\/?post_type=product&#038;p=6297"},"modified":"2026-04-21T09:31:03","modified_gmt":"2026-04-21T07:31:03","slug":"the-cult-weapon-of-choice","status":"publish","type":"product","link":"https:\/\/egiarecords.com\/eu\/denda\/the-cult-weapon-of-choice\/","title":{"rendered":"The Cult &#8211; Weapon Of Choice"},"content":{"rendered":"<p>Fue aclamado por la cr\u00edtica como su mejor trabajo en d\u00e9cadas, demostrando que The Cult segu\u00eda siendo capaz de canalizar fuerzas elementales para crear m\u00fasica con un peso emocional y una intensidad abrumadora<\/p>\n","protected":false},"excerpt":{"rendered":"<p>Fue aclamado por la cr\u00edtica como su mejor trabajo en d\u00e9cadas, demostrando que The Cult segu\u00eda siendo capaz de canalizar fuerzas elementales para crear m\u00fasica con un peso emocional y una intensidad abrumadora<\/p>\n","protected":false},"featured_media":6301,"template":"","meta":[],"product_brand":[],"product_cat":[689],"product_tag":[],"sello":[1745],"artista":[1744],"class_list":{"0":"post-6297","1":"product","2":"type-product","3":"status-publish","4":"has-post-thumbnail","6":"product_cat-vinilos","7":"sello-cooking-vinyl","8":"artista-the-cult","9":"fecha-1302","10":"estilo-alternative-rock","12":"first","13":"outofstock","14":"taxable","15":"shipping-taxable","16":"purchasable","17":"product-type-simple"},"_links":{"self":[{"href":"https:\/\/egiarecords.com\/eu\/wp-json\/wp\/v2\/product\/6297","targetHints":{"allow":["GET"]}}],"collection":[{"href":"https:\/\/egiarecords.com\/eu\/wp-json\/wp\/v2\/product"}],"about":[{"href":"https:\/\/egiarecords.com\/eu\/wp-json\/wp\/v2\/types\/product"}],"wp:featuredmedia":[{"embeddable":true,"href":"https:\/\/egiarecords.com\/eu\/wp-json\/wp\/v2\/media\/6301"}],"wp:attachment":[{"href":"https:\/\/egiarecords.com\/eu\/wp-json\/wp\/v2\/media?parent=6297"}],"wp:term":[{"taxonomy":"product_brand","embeddable":true,"href":"https:\/\/egiarecords.com\/eu\/wp-json\/wp\/v2\/product_brand?post=6297"},{"taxonomy":"product_cat","embeddable":true,"href":"https:\/\/egiarecords.com\/eu\/wp-json\/wp\/v2\/product_cat?post=6297"},{"taxonomy":"product_tag","embeddable":true,"href":"https:\/\/egiarecords.com\/eu\/wp-json\/wp\/v2\/product_tag?post=6297"},{"taxonomy":"sello","embeddable":true,"href":"https:\/\/egiarecords.com\/eu\/wp-json\/wp\/v2\/sello?post=6297"},{"taxonomy":"artista","embeddable":true,"href":"https:\/\/egiarecords.com\/eu\/wp-json\/wp\/v2\/artista?post=6297"}],"curies":[{"name":"wp","href":"https:\/\/api.w.org\/{rel}","templated":true}]}}