{"id":6294,"date":"2026-04-20T17:51:48","date_gmt":"2026-04-20T15:51:48","guid":{"rendered":"https:\/\/egiarecords.com\/?post_type=product&#038;p=6294"},"modified":"2026-04-21T09:31:16","modified_gmt":"2026-04-21T07:31:16","slug":"status-quo-live-at-hammersmith-79-26th-june-1979","status":"publish","type":"product","link":"https:\/\/egiarecords.com\/eu\/denda\/status-quo-live-at-hammersmith-79-26th-june-1979\/","title":{"rendered":"Status Quo &#8211; Live At Hammersmith &#8217;79 (26th June 1979)"},"content":{"rendered":"<p>Es un documento sonoro imprescindible que captura a la m\u00edtica &#8216;Frantic Four&#8217; en la cima de su poder, desplegando esa energ\u00eda arrolladora que los convirti\u00f3 en los reyes del directo en el Reino Unido.<\/p>\n","protected":false},"excerpt":{"rendered":"<p>Es un documento sonoro imprescindible que captura a la m\u00edtica &#8216;Frantic Four&#8217; en la cima de su poder, desplegando esa energ\u00eda arrolladora que los convirti\u00f3 en los reyes del directo en el Reino Unido.<\/p>\n","protected":false},"featured_media":6295,"template":"","meta":[],"product_brand":[],"product_cat":[689],"product_tag":[],"sello":[1737],"artista":[1558],"class_list":{"0":"post-6294","1":"product","2":"type-product","3":"status-publish","4":"has-post-thumbnail","6":"product_cat-vinilos","7":"sello-demon-records","8":"artista-status-quo","9":"fecha-1302","10":"estilo-classic-rock","11":"estilo-hard-rock","13":"first","14":"outofstock","15":"taxable","16":"shipping-taxable","17":"purchasable","18":"product-type-simple"},"_links":{"self":[{"href":"https:\/\/egiarecords.com\/eu\/wp-json\/wp\/v2\/product\/6294","targetHints":{"allow":["GET"]}}],"collection":[{"href":"https:\/\/egiarecords.com\/eu\/wp-json\/wp\/v2\/product"}],"about":[{"href":"https:\/\/egiarecords.com\/eu\/wp-json\/wp\/v2\/types\/product"}],"wp:featuredmedia":[{"embeddable":true,"href":"https:\/\/egiarecords.com\/eu\/wp-json\/wp\/v2\/media\/6295"}],"wp:attachment":[{"href":"https:\/\/egiarecords.com\/eu\/wp-json\/wp\/v2\/media?parent=6294"}],"wp:term":[{"taxonomy":"product_brand","embeddable":true,"href":"https:\/\/egiarecords.com\/eu\/wp-json\/wp\/v2\/product_brand?post=6294"},{"taxonomy":"product_cat","embeddable":true,"href":"https:\/\/egiarecords.com\/eu\/wp-json\/wp\/v2\/product_cat?post=6294"},{"taxonomy":"product_tag","embeddable":true,"href":"https:\/\/egiarecords.com\/eu\/wp-json\/wp\/v2\/product_tag?post=6294"},{"taxonomy":"sello","embeddable":true,"href":"https:\/\/egiarecords.com\/eu\/wp-json\/wp\/v2\/sello?post=6294"},{"taxonomy":"artista","embeddable":true,"href":"https:\/\/egiarecords.com\/eu\/wp-json\/wp\/v2\/artista?post=6294"}],"curies":[{"name":"wp","href":"https:\/\/api.w.org\/{rel}","templated":true}]}}