{"id":6287,"date":"2026-04-20T17:01:01","date_gmt":"2026-04-20T15:01:01","guid":{"rendered":"https:\/\/egiarecords.com\/?post_type=product&#038;p=6287"},"modified":"2026-04-20T17:01:40","modified_gmt":"2026-04-20T15:01:40","slug":"tito-puente-his-latin-ensemble-mambo-diablo","status":"publish","type":"product","link":"https:\/\/egiarecords.com\/eu\/denda\/tito-puente-his-latin-ensemble-mambo-diablo\/","title":{"rendered":"Tito Puente &#038; His Latin Ensemble &#8211; Mambo Diablo"},"content":{"rendered":"<p>Es una pieza fundamental del Latin Jazz que le vali\u00f3 a Tito Puente uno de sus premios Grammy, reafirmando su trono como el arquitecto r\u00edtmico m\u00e1s influyente de la m\u00fasica tropical.<\/p>\n","protected":false},"excerpt":{"rendered":"<p>Es una pieza fundamental del Latin Jazz que le vali\u00f3 a Tito Puente uno de sus premios Grammy, reafirmando su trono como el arquitecto r\u00edtmico m\u00e1s influyente de la m\u00fasica tropical.<\/p>\n","protected":false},"featured_media":6292,"template":"","meta":[],"product_brand":[],"product_cat":[689],"product_tag":[],"sello":[1743,1742],"artista":[1739,1738],"class_list":{"0":"post-6287","1":"product","2":"type-product","3":"status-publish","4":"has-post-thumbnail","6":"product_cat-vinilos","7":"sello-concord-jazz-picante","8":"sello-craft-recordings-latino","9":"artista-george-shearing","10":"artista-tito-puente-his-latin-ensemble","11":"fecha-306","12":"estilo-bolero","13":"estilo-cha-cha","14":"estilo-guaguanco","15":"estilo-instrumental","16":"estilo-latin-jazz","17":"estilo-mambo","19":"first","20":"instock","21":"taxable","22":"shipping-taxable","23":"purchasable","24":"product-type-simple"},"_links":{"self":[{"href":"https:\/\/egiarecords.com\/eu\/wp-json\/wp\/v2\/product\/6287","targetHints":{"allow":["GET"]}}],"collection":[{"href":"https:\/\/egiarecords.com\/eu\/wp-json\/wp\/v2\/product"}],"about":[{"href":"https:\/\/egiarecords.com\/eu\/wp-json\/wp\/v2\/types\/product"}],"wp:featuredmedia":[{"embeddable":true,"href":"https:\/\/egiarecords.com\/eu\/wp-json\/wp\/v2\/media\/6292"}],"wp:attachment":[{"href":"https:\/\/egiarecords.com\/eu\/wp-json\/wp\/v2\/media?parent=6287"}],"wp:term":[{"taxonomy":"product_brand","embeddable":true,"href":"https:\/\/egiarecords.com\/eu\/wp-json\/wp\/v2\/product_brand?post=6287"},{"taxonomy":"product_cat","embeddable":true,"href":"https:\/\/egiarecords.com\/eu\/wp-json\/wp\/v2\/product_cat?post=6287"},{"taxonomy":"product_tag","embeddable":true,"href":"https:\/\/egiarecords.com\/eu\/wp-json\/wp\/v2\/product_tag?post=6287"},{"taxonomy":"sello","embeddable":true,"href":"https:\/\/egiarecords.com\/eu\/wp-json\/wp\/v2\/sello?post=6287"},{"taxonomy":"artista","embeddable":true,"href":"https:\/\/egiarecords.com\/eu\/wp-json\/wp\/v2\/artista?post=6287"}],"curies":[{"name":"wp","href":"https:\/\/api.w.org\/{rel}","templated":true}]}}