{"id":6282,"date":"2026-04-20T16:57:34","date_gmt":"2026-04-20T14:57:34","guid":{"rendered":"https:\/\/egiarecords.com\/?post_type=product&#038;p=6282"},"modified":"2026-04-22T12:54:46","modified_gmt":"2026-04-22T10:54:46","slug":"pixies-live-in-newport","status":"publish","type":"product","link":"https:\/\/egiarecords.com\/eu\/denda\/pixies-live-in-newport\/","title":{"rendered":"Pixies &#8211; Live In Newport"},"content":{"rendered":"<p>Este directo ofrece una perspectiva fresca de sus grandes cl\u00e1sicos, demostrando por qu\u00e9, d\u00e9cadas despu\u00e9s, su capacidad para mezclar melod\u00edas pop con la agresividad del punk sigue siendo inigualable.<\/p>\n","protected":false},"excerpt":{"rendered":"<p>Este directo ofrece una perspectiva fresca de sus grandes cl\u00e1sicos, demostrando por qu\u00e9, d\u00e9cadas despu\u00e9s, su capacidad para mezclar melod\u00edas pop con la agresividad del punk sigue siendo inigualable.<\/p>\n","protected":false},"featured_media":6285,"template":"","meta":[],"product_brand":[],"product_cat":[689],"product_tag":[],"sello":[1737],"artista":[1736],"class_list":{"0":"post-6282","1":"product","2":"type-product","3":"status-publish","4":"has-post-thumbnail","6":"product_cat-vinilos","7":"sello-demon-records","8":"artista-pixies","9":"fecha-1302","10":"estilo-alternative-rock","12":"first","13":"outofstock","14":"taxable","15":"shipping-taxable","16":"purchasable","17":"product-type-simple"},"_links":{"self":[{"href":"https:\/\/egiarecords.com\/eu\/wp-json\/wp\/v2\/product\/6282","targetHints":{"allow":["GET"]}}],"collection":[{"href":"https:\/\/egiarecords.com\/eu\/wp-json\/wp\/v2\/product"}],"about":[{"href":"https:\/\/egiarecords.com\/eu\/wp-json\/wp\/v2\/types\/product"}],"wp:featuredmedia":[{"embeddable":true,"href":"https:\/\/egiarecords.com\/eu\/wp-json\/wp\/v2\/media\/6285"}],"wp:attachment":[{"href":"https:\/\/egiarecords.com\/eu\/wp-json\/wp\/v2\/media?parent=6282"}],"wp:term":[{"taxonomy":"product_brand","embeddable":true,"href":"https:\/\/egiarecords.com\/eu\/wp-json\/wp\/v2\/product_brand?post=6282"},{"taxonomy":"product_cat","embeddable":true,"href":"https:\/\/egiarecords.com\/eu\/wp-json\/wp\/v2\/product_cat?post=6282"},{"taxonomy":"product_tag","embeddable":true,"href":"https:\/\/egiarecords.com\/eu\/wp-json\/wp\/v2\/product_tag?post=6282"},{"taxonomy":"sello","embeddable":true,"href":"https:\/\/egiarecords.com\/eu\/wp-json\/wp\/v2\/sello?post=6282"},{"taxonomy":"artista","embeddable":true,"href":"https:\/\/egiarecords.com\/eu\/wp-json\/wp\/v2\/artista?post=6282"}],"curies":[{"name":"wp","href":"https:\/\/api.w.org\/{rel}","templated":true}]}}