{"id":6278,"date":"2026-04-20T12:44:50","date_gmt":"2026-04-20T10:44:50","guid":{"rendered":"https:\/\/egiarecords.com\/?post_type=product&#038;p=6278"},"modified":"2026-05-09T10:47:15","modified_gmt":"2026-05-09T08:47:15","slug":"kokoshca-divino-tesoro","status":"publish","type":"product","link":"https:\/\/egiarecords.com\/eu\/denda\/kokoshca-divino-tesoro\/","title":{"rendered":"Kokoshca &#8211; DivinoTesoro"},"content":{"rendered":"<p data-path-to-node=\"2,0,0\">Es una celebraci\u00f3n de la juventud eterna y el descaro, donde Kokoshca destila su particular visi\u00f3n del mundo a trav\u00e9s de letras directas, costumbristas y cargadas de iron\u00eda.<\/p>\n<p data-path-to-node=\"2,1,0\">El \u00e1lbum recupera la energ\u00eda de sus primeros trabajos pero con una producci\u00f3n m\u00e1s robusta, mezclando guitarras afiladas y estribillos irresistibles que invitan tanto al baile como a la euforia.<\/p>\n<p data-path-to-node=\"2,2,0\">Con <i data-path-to-node=\"2,2,0\" data-index-in-node=\"21\">Divino Tesoro<\/i>, el cuarteto navarro se reafirma como una pieza fundamental del indie nacional, demostrando que siguen teniendo la capacidad de crear himnos generacionales que suenan a cl\u00e1sico instant\u00e1neo.<\/p>\n","protected":false},"excerpt":{"rendered":"<p>Es una celebraci\u00f3n de la juventud eterna y el descaro, donde Kokoshca destila su particular visi\u00f3n del mundo a trav\u00e9s de letras directas, costumbristas y cargadas de iron\u00eda. El \u00e1lbum recupera la energ\u00eda de sus primeros trabajos pero con una producci\u00f3n m\u00e1s robusta, mezclando guitarras afiladas y estribillos irresistibles que invitan tanto al baile como [&hellip;]<\/p>\n","protected":false},"featured_media":6279,"template":"","meta":[],"product_brand":[],"product_cat":[689],"product_tag":[],"sello":[54],"artista":[1605],"class_list":{"0":"post-6278","1":"product","2":"type-product","3":"status-publish","4":"has-post-thumbnail","6":"product_cat-vinilos","7":"sello-sonido-muchacho","8":"artista-kokoshca","9":"fecha-1302","10":"estilo-indie-pop","12":"first","13":"instock","14":"sale","15":"featured","16":"taxable","17":"shipping-taxable","18":"purchasable","19":"product-type-simple"},"_links":{"self":[{"href":"https:\/\/egiarecords.com\/eu\/wp-json\/wp\/v2\/product\/6278","targetHints":{"allow":["GET"]}}],"collection":[{"href":"https:\/\/egiarecords.com\/eu\/wp-json\/wp\/v2\/product"}],"about":[{"href":"https:\/\/egiarecords.com\/eu\/wp-json\/wp\/v2\/types\/product"}],"wp:featuredmedia":[{"embeddable":true,"href":"https:\/\/egiarecords.com\/eu\/wp-json\/wp\/v2\/media\/6279"}],"wp:attachment":[{"href":"https:\/\/egiarecords.com\/eu\/wp-json\/wp\/v2\/media?parent=6278"}],"wp:term":[{"taxonomy":"product_brand","embeddable":true,"href":"https:\/\/egiarecords.com\/eu\/wp-json\/wp\/v2\/product_brand?post=6278"},{"taxonomy":"product_cat","embeddable":true,"href":"https:\/\/egiarecords.com\/eu\/wp-json\/wp\/v2\/product_cat?post=6278"},{"taxonomy":"product_tag","embeddable":true,"href":"https:\/\/egiarecords.com\/eu\/wp-json\/wp\/v2\/product_tag?post=6278"},{"taxonomy":"sello","embeddable":true,"href":"https:\/\/egiarecords.com\/eu\/wp-json\/wp\/v2\/sello?post=6278"},{"taxonomy":"artista","embeddable":true,"href":"https:\/\/egiarecords.com\/eu\/wp-json\/wp\/v2\/artista?post=6278"}],"curies":[{"name":"wp","href":"https:\/\/api.w.org\/{rel}","templated":true}]}}