{"id":6272,"date":"2026-04-20T12:41:54","date_gmt":"2026-04-20T10:41:54","guid":{"rendered":"https:\/\/egiarecords.com\/?post_type=product&#038;p=6272"},"modified":"2026-04-20T13:02:44","modified_gmt":"2026-04-20T11:02:44","slug":"divorce-from-new-york-jazzthetics","status":"publish","type":"product","link":"https:\/\/egiarecords.com\/eu\/denda\/divorce-from-new-york-jazzthetics\/","title":{"rendered":"Divorce From New York &#8211; Jazzthetics"},"content":{"rendered":"<p data-path-to-node=\"2,0,0\">Es una sofisticada amalgama de ritmos rotos, herencia <i data-path-to-node=\"2,0,0\" data-index-in-node=\"73\">broken beat<\/i> y texturas jazz\u00edsticas que consolidan a este proyecto como uno de los referentes m\u00e1s frescos de la electr\u00f3nica elegante hecha en Espa\u00f1a.<\/p>\n<p data-path-to-node=\"2,1,0\">El \u00e1lbum destaca por su capacidad para entrelazar s\u00edncopas complejas con melod\u00edas de teclado aterciopeladas, creando un espacio sonoro donde el baile y la contemplaci\u00f3n se encuentran de forma natural.<\/p>\n<p data-path-to-node=\"2,2,0\">Con esta entrega, \u00c1lvaro Granda demuestra una vez m\u00e1s su maestr\u00eda t\u00e9cnica y su o\u00eddo para el detalle, elevando el concepto de <i data-path-to-node=\"2,2,0\" data-index-in-node=\"142\">nu-jazz<\/i> hacia un territorio futurista y profundamente hipn\u00f3tico.<\/p>\n","protected":false},"excerpt":{"rendered":"<p>Es una sofisticada amalgama de ritmos rotos, herencia broken beat y texturas jazz\u00edsticas que consolidan a este proyecto como uno de los referentes m\u00e1s frescos de la electr\u00f3nica elegante hecha en Espa\u00f1a. El \u00e1lbum destaca por su capacidad para entrelazar s\u00edncopas complejas con melod\u00edas de teclado aterciopeladas, creando un espacio sonoro donde el baile y [&hellip;]<\/p>\n","protected":false},"featured_media":6276,"template":"","meta":[],"product_brand":[],"product_cat":[689],"product_tag":[],"sello":[1735],"artista":[1734],"class_list":{"0":"post-6272","1":"product","2":"type-product","3":"status-publish","4":"has-post-thumbnail","6":"product_cat-vinilos","7":"sello-high-praise","8":"artista-divorce-from-new-york","9":"fecha-1302","10":"estilo-broken-beat","11":"estilo-disco","12":"estilo-downtempo","13":"estilo-house","15":"first","16":"instock","17":"featured","18":"taxable","19":"shipping-taxable","20":"purchasable","21":"product-type-simple"},"_links":{"self":[{"href":"https:\/\/egiarecords.com\/eu\/wp-json\/wp\/v2\/product\/6272","targetHints":{"allow":["GET"]}}],"collection":[{"href":"https:\/\/egiarecords.com\/eu\/wp-json\/wp\/v2\/product"}],"about":[{"href":"https:\/\/egiarecords.com\/eu\/wp-json\/wp\/v2\/types\/product"}],"wp:featuredmedia":[{"embeddable":true,"href":"https:\/\/egiarecords.com\/eu\/wp-json\/wp\/v2\/media\/6276"}],"wp:attachment":[{"href":"https:\/\/egiarecords.com\/eu\/wp-json\/wp\/v2\/media?parent=6272"}],"wp:term":[{"taxonomy":"product_brand","embeddable":true,"href":"https:\/\/egiarecords.com\/eu\/wp-json\/wp\/v2\/product_brand?post=6272"},{"taxonomy":"product_cat","embeddable":true,"href":"https:\/\/egiarecords.com\/eu\/wp-json\/wp\/v2\/product_cat?post=6272"},{"taxonomy":"product_tag","embeddable":true,"href":"https:\/\/egiarecords.com\/eu\/wp-json\/wp\/v2\/product_tag?post=6272"},{"taxonomy":"sello","embeddable":true,"href":"https:\/\/egiarecords.com\/eu\/wp-json\/wp\/v2\/sello?post=6272"},{"taxonomy":"artista","embeddable":true,"href":"https:\/\/egiarecords.com\/eu\/wp-json\/wp\/v2\/artista?post=6272"}],"curies":[{"name":"wp","href":"https:\/\/api.w.org\/{rel}","templated":true}]}}