{"id":6249,"date":"2026-04-17T11:06:07","date_gmt":"2026-04-17T09:06:07","guid":{"rendered":"https:\/\/egiarecords.com\/?post_type=product&#038;p=6249"},"modified":"2026-04-20T13:03:14","modified_gmt":"2026-04-20T11:03:14","slug":"moodymann-dj-kicks","status":"publish","type":"product","link":"https:\/\/egiarecords.com\/eu\/denda\/moodymann-dj-kicks\/","title":{"rendered":"Moodymann &#8211; DJ-Kicks"},"content":{"rendered":"<p data-path-to-node=\"2,0,0\">M\u00e1s que una sesi\u00f3n de mezclas, es una carta de amor a la m\u00fasica negra, donde Moodymann teje un tapiz que une el soul, el jazz, el funk y el house con la actitud inconfundible de Detroit.<\/p>\n<p data-path-to-node=\"2,1,0\">El \u00e1lbum destaca por su fluidez org\u00e1nica y su rechazo a las convenciones del DJ-set comercial, priorizando el <i data-path-to-node=\"2,1,0\" data-index-in-node=\"126\">groove<\/i> y la atm\u00f3sfera sobre los bombos machacones, incluyendo joyas que van desde Flying Lotus hasta Anne Clark.<\/p>\n<p data-path-to-node=\"2,2,0\">Es una pieza esencial para entender la filosof\u00eda de Moodymann: una experiencia auditiva profunda y personal que reivindica la herencia musical de su ciudad mientras mira de reojo al futuro de la pista de baile.<\/p>\n","protected":false},"excerpt":{"rendered":"<p>M\u00e1s que una sesi\u00f3n de mezclas, es una carta de amor a la m\u00fasica negra, donde Moodymann teje un tapiz que une el soul, el jazz, el funk y el house con la actitud inconfundible de Detroit. El \u00e1lbum destaca por su fluidez org\u00e1nica y su rechazo a las convenciones del DJ-set comercial, priorizando el [&hellip;]<\/p>\n","protected":false},"featured_media":6250,"template":"","meta":[],"product_brand":[],"product_cat":[689],"product_tag":[],"sello":[556],"artista":[518],"class_list":{"0":"post-6249","1":"product","2":"type-product","3":"status-publish","4":"has-post-thumbnail","6":"product_cat-vinilos","7":"sello-k7-records","8":"artista-moodymann","9":"fecha-1302","10":"estilo-deep-house","11":"estilo-downtempo","12":"estilo-house","13":"estilo-soul","15":"first","16":"outofstock","17":"taxable","18":"shipping-taxable","19":"purchasable","20":"product-type-simple"},"_links":{"self":[{"href":"https:\/\/egiarecords.com\/eu\/wp-json\/wp\/v2\/product\/6249","targetHints":{"allow":["GET"]}}],"collection":[{"href":"https:\/\/egiarecords.com\/eu\/wp-json\/wp\/v2\/product"}],"about":[{"href":"https:\/\/egiarecords.com\/eu\/wp-json\/wp\/v2\/types\/product"}],"wp:featuredmedia":[{"embeddable":true,"href":"https:\/\/egiarecords.com\/eu\/wp-json\/wp\/v2\/media\/6250"}],"wp:attachment":[{"href":"https:\/\/egiarecords.com\/eu\/wp-json\/wp\/v2\/media?parent=6249"}],"wp:term":[{"taxonomy":"product_brand","embeddable":true,"href":"https:\/\/egiarecords.com\/eu\/wp-json\/wp\/v2\/product_brand?post=6249"},{"taxonomy":"product_cat","embeddable":true,"href":"https:\/\/egiarecords.com\/eu\/wp-json\/wp\/v2\/product_cat?post=6249"},{"taxonomy":"product_tag","embeddable":true,"href":"https:\/\/egiarecords.com\/eu\/wp-json\/wp\/v2\/product_tag?post=6249"},{"taxonomy":"sello","embeddable":true,"href":"https:\/\/egiarecords.com\/eu\/wp-json\/wp\/v2\/sello?post=6249"},{"taxonomy":"artista","embeddable":true,"href":"https:\/\/egiarecords.com\/eu\/wp-json\/wp\/v2\/artista?post=6249"}],"curies":[{"name":"wp","href":"https:\/\/api.w.org\/{rel}","templated":true}]}}