{"id":6244,"date":"2026-04-17T11:02:15","date_gmt":"2026-04-17T09:02:15","guid":{"rendered":"https:\/\/egiarecords.com\/?post_type=product&#038;p=6244"},"modified":"2026-04-17T11:02:38","modified_gmt":"2026-04-17T09:02:38","slug":"skream-midnight-request-line-i","status":"publish","type":"product","link":"https:\/\/egiarecords.com\/eu\/denda\/skream-midnight-request-line-i\/","title":{"rendered":"Skream &#8211; Midnight Request Line \/ I"},"content":{"rendered":"<p data-path-to-node=\"2,0,0\">Es el punto de inflexi\u00f3n definitivo del g\u00e9nero; una pieza que logr\u00f3 equilibrar la oscuridad del <i data-path-to-node=\"2,0,0\" data-index-in-node=\"115\">underground<\/i> con una melod\u00eda sint\u00e9tica tan pegadiza como g\u00e9lida.<\/p>\n<p data-path-to-node=\"2,1,0\">Con sus arpegios cristalinos y una l\u00ednea de bajo subs\u00f3nica que hace temblar cualquier sistema de sonido, la producci\u00f3n de un joven Oliver Jones defini\u00f3 el est\u00e1ndar de oro del sonido <i data-path-to-node=\"2,1,0\" data-index-in-node=\"198\">old school<\/i>.<\/p>\n<p data-path-to-node=\"2,1,0\">Fue el tema que convenci\u00f3 a los DJs de techno, house y grime para pinchar Dubstep, convirti\u00e9ndose en un himno generacional que sigue sonando tan futurista y relevante como el primer d\u00eda.<\/p>\n","protected":false},"excerpt":{"rendered":"<p>Es el punto de inflexi\u00f3n definitivo del g\u00e9nero; una pieza que logr\u00f3 equilibrar la oscuridad del underground con una melod\u00eda sint\u00e9tica tan pegadiza como g\u00e9lida. Con sus arpegios cristalinos y una l\u00ednea de bajo subs\u00f3nica que hace temblar cualquier sistema de sonido, la producci\u00f3n de un joven Oliver Jones defini\u00f3 el est\u00e1ndar de oro del [&hellip;]<\/p>\n","protected":false},"featured_media":6247,"template":"","meta":[],"product_brand":[],"product_cat":[689],"product_tag":[],"sello":[1500],"artista":[1733],"class_list":{"0":"post-6244","1":"product","2":"type-product","3":"status-publish","4":"has-post-thumbnail","6":"product_cat-vinilos","7":"sello-tempa","8":"artista-skream","9":"fecha-1302","10":"estilo-dubstep","12":"first","13":"instock","14":"taxable","15":"shipping-taxable","16":"purchasable","17":"product-type-simple"},"_links":{"self":[{"href":"https:\/\/egiarecords.com\/eu\/wp-json\/wp\/v2\/product\/6244","targetHints":{"allow":["GET"]}}],"collection":[{"href":"https:\/\/egiarecords.com\/eu\/wp-json\/wp\/v2\/product"}],"about":[{"href":"https:\/\/egiarecords.com\/eu\/wp-json\/wp\/v2\/types\/product"}],"wp:featuredmedia":[{"embeddable":true,"href":"https:\/\/egiarecords.com\/eu\/wp-json\/wp\/v2\/media\/6247"}],"wp:attachment":[{"href":"https:\/\/egiarecords.com\/eu\/wp-json\/wp\/v2\/media?parent=6244"}],"wp:term":[{"taxonomy":"product_brand","embeddable":true,"href":"https:\/\/egiarecords.com\/eu\/wp-json\/wp\/v2\/product_brand?post=6244"},{"taxonomy":"product_cat","embeddable":true,"href":"https:\/\/egiarecords.com\/eu\/wp-json\/wp\/v2\/product_cat?post=6244"},{"taxonomy":"product_tag","embeddable":true,"href":"https:\/\/egiarecords.com\/eu\/wp-json\/wp\/v2\/product_tag?post=6244"},{"taxonomy":"sello","embeddable":true,"href":"https:\/\/egiarecords.com\/eu\/wp-json\/wp\/v2\/sello?post=6244"},{"taxonomy":"artista","embeddable":true,"href":"https:\/\/egiarecords.com\/eu\/wp-json\/wp\/v2\/artista?post=6244"}],"curies":[{"name":"wp","href":"https:\/\/api.w.org\/{rel}","templated":true}]}}