{"id":6236,"date":"2026-04-17T10:54:32","date_gmt":"2026-04-17T08:54:32","guid":{"rendered":"https:\/\/egiarecords.com\/?post_type=product&#038;p=6236"},"modified":"2026-04-17T10:54:46","modified_gmt":"2026-04-17T08:54:46","slug":"metro-area-metro-area","status":"publish","type":"product","link":"https:\/\/egiarecords.com\/eu\/denda\/metro-area-metro-area\/","title":{"rendered":"Metro Area &#8211; Metro Area"},"content":{"rendered":"<p>Es una obra maestra de la elegancia electr\u00f3nica, donde Morgan Geist y Darshan Jesrani recuperaron el esp\u00edritu del post-disco de Nueva York para inyectarlo en la frialdad del nuevo milenio.<\/p>\n<p>Con un uso magistral de sintetizadores anal\u00f3gicos y arreglos de cuerda org\u00e1nicos, el \u00e1lbum suena atemporal, logrando un equilibrio perfecto entre la sofisticaci\u00f3n de estudio y el ritmo hipn\u00f3tico de la pista de baile.<\/p>\n<p>M\u00e1s que un disco, es un canon est\u00e9tico que demostr\u00f3 que el house pod\u00eda ser culto, pausado y detallista, influyendo en toda una generaci\u00f3n de productores que buscaban devolverle el &#8216;soul&#8217; a las m\u00e1quinas.<\/p>\n","protected":false},"excerpt":{"rendered":"<p>Es una obra maestra de la elegancia electr\u00f3nica, donde Morgan Geist y Darshan Jesrani recuperaron el esp\u00edritu del post-disco de Nueva York para inyectarlo en la frialdad del nuevo milenio. Con un uso magistral de sintetizadores anal\u00f3gicos y arreglos de cuerda org\u00e1nicos, el \u00e1lbum suena atemporal, logrando un equilibrio perfecto entre la sofisticaci\u00f3n de estudio [&hellip;]<\/p>\n","protected":false},"featured_media":6238,"template":"","meta":[],"product_brand":[],"product_cat":[689],"product_tag":[],"sello":[559],"artista":[558],"class_list":{"0":"post-6236","1":"product","2":"type-product","3":"status-publish","4":"has-post-thumbnail","6":"product_cat-vinilos","7":"sello-environ","8":"artista-metro-area","9":"fecha-459","10":"estilo-deep-house","11":"estilo-electro","12":"estilo-nu-disco","14":"first","15":"instock","16":"taxable","17":"shipping-taxable","18":"purchasable","19":"product-type-simple"},"_links":{"self":[{"href":"https:\/\/egiarecords.com\/eu\/wp-json\/wp\/v2\/product\/6236","targetHints":{"allow":["GET"]}}],"collection":[{"href":"https:\/\/egiarecords.com\/eu\/wp-json\/wp\/v2\/product"}],"about":[{"href":"https:\/\/egiarecords.com\/eu\/wp-json\/wp\/v2\/types\/product"}],"wp:featuredmedia":[{"embeddable":true,"href":"https:\/\/egiarecords.com\/eu\/wp-json\/wp\/v2\/media\/6238"}],"wp:attachment":[{"href":"https:\/\/egiarecords.com\/eu\/wp-json\/wp\/v2\/media?parent=6236"}],"wp:term":[{"taxonomy":"product_brand","embeddable":true,"href":"https:\/\/egiarecords.com\/eu\/wp-json\/wp\/v2\/product_brand?post=6236"},{"taxonomy":"product_cat","embeddable":true,"href":"https:\/\/egiarecords.com\/eu\/wp-json\/wp\/v2\/product_cat?post=6236"},{"taxonomy":"product_tag","embeddable":true,"href":"https:\/\/egiarecords.com\/eu\/wp-json\/wp\/v2\/product_tag?post=6236"},{"taxonomy":"sello","embeddable":true,"href":"https:\/\/egiarecords.com\/eu\/wp-json\/wp\/v2\/sello?post=6236"},{"taxonomy":"artista","embeddable":true,"href":"https:\/\/egiarecords.com\/eu\/wp-json\/wp\/v2\/artista?post=6236"}],"curies":[{"name":"wp","href":"https:\/\/api.w.org\/{rel}","templated":true}]}}