{"id":6233,"date":"2026-04-17T10:42:02","date_gmt":"2026-04-17T08:42:02","guid":{"rendered":"https:\/\/egiarecords.com\/?post_type=product&#038;p=6233"},"modified":"2026-04-17T10:42:14","modified_gmt":"2026-04-17T08:42:14","slug":"30-years-of-strictly-rhythm-part-one","status":"publish","type":"product","link":"https:\/\/egiarecords.com\/eu\/denda\/30-years-of-strictly-rhythm-part-one\/","title":{"rendered":"30 Years Of Strictly Rhythm Part One"},"content":{"rendered":"<p>Es una antolog\u00eda esencial que rinde homenaje al sello m\u00e1s influyente en la historia del House, capturando la energ\u00eda pura y el esp\u00edritu innovador de la pista de baile neoyorquina.<\/p>\n","protected":false},"excerpt":{"rendered":"<p>Es una antolog\u00eda esencial que rinde homenaje al sello m\u00e1s influyente en la historia del House, capturando la energ\u00eda pura y el esp\u00edritu innovador de la pista de baile neoyorquina.<\/p>\n","protected":false},"featured_media":6234,"template":"","meta":[],"product_brand":[],"product_cat":[689],"product_tag":[],"sello":[383],"artista":[],"class_list":{"0":"post-6233","1":"product","2":"type-product","3":"status-publish","4":"has-post-thumbnail","6":"product_cat-vinilos","7":"sello-strictly-rhythm","8":"fecha-1302","9":"estilo-deep-house","10":"estilo-house","12":"first","13":"instock","14":"taxable","15":"shipping-taxable","16":"purchasable","17":"product-type-simple"},"_links":{"self":[{"href":"https:\/\/egiarecords.com\/eu\/wp-json\/wp\/v2\/product\/6233","targetHints":{"allow":["GET"]}}],"collection":[{"href":"https:\/\/egiarecords.com\/eu\/wp-json\/wp\/v2\/product"}],"about":[{"href":"https:\/\/egiarecords.com\/eu\/wp-json\/wp\/v2\/types\/product"}],"wp:featuredmedia":[{"embeddable":true,"href":"https:\/\/egiarecords.com\/eu\/wp-json\/wp\/v2\/media\/6234"}],"wp:attachment":[{"href":"https:\/\/egiarecords.com\/eu\/wp-json\/wp\/v2\/media?parent=6233"}],"wp:term":[{"taxonomy":"product_brand","embeddable":true,"href":"https:\/\/egiarecords.com\/eu\/wp-json\/wp\/v2\/product_brand?post=6233"},{"taxonomy":"product_cat","embeddable":true,"href":"https:\/\/egiarecords.com\/eu\/wp-json\/wp\/v2\/product_cat?post=6233"},{"taxonomy":"product_tag","embeddable":true,"href":"https:\/\/egiarecords.com\/eu\/wp-json\/wp\/v2\/product_tag?post=6233"},{"taxonomy":"sello","embeddable":true,"href":"https:\/\/egiarecords.com\/eu\/wp-json\/wp\/v2\/sello?post=6233"},{"taxonomy":"artista","embeddable":true,"href":"https:\/\/egiarecords.com\/eu\/wp-json\/wp\/v2\/artista?post=6233"}],"curies":[{"name":"wp","href":"https:\/\/api.w.org\/{rel}","templated":true}]}}