{"id":6226,"date":"2026-04-17T10:20:53","date_gmt":"2026-04-17T08:20:53","guid":{"rendered":"https:\/\/egiarecords.com\/?post_type=product&#038;p=6226"},"modified":"2026-04-24T20:17:48","modified_gmt":"2026-04-24T18:17:48","slug":"fela-kuti-zombie","status":"publish","type":"product","link":"https:\/\/egiarecords.com\/eu\/denda\/fela-kuti-zombie\/","title":{"rendered":"Fela Kuti &#8211; Zombie"},"content":{"rendered":"<p>Es un ataque frontal y sin concesiones contra la obediencia ciega del ej\u00e9rcito nigeriano, utilizando la met\u00e1fora del &#8216;zombie&#8217; para denunciar la falta de humanidad en la represi\u00f3n estatal.<\/p>\n<p>Con su banda Afrika 70 en estado de gracia, el disco presenta un <i data-path-to-node=\"2,1,0\" data-index-in-node=\"81\">groove<\/i> hipn\u00f3tico e imparable, donde los vientos cortantes y el ritmo de Tony Allen crean una de las piezas m\u00e1s perfectas de la historia del Afrobeat.<\/p>\n<p>El \u00e9xito del \u00e1lbum fue tan masivo y su mensaje tan potente que provoc\u00f3 una represalia brutal del gobierno contra la comuna de Fela, convirti\u00e9ndose para siempre en un s\u00edmbolo mundial de la m\u00fasica como herramienta de lucha.<\/p>\n","protected":false},"excerpt":{"rendered":"<p>Es un ataque frontal y sin concesiones contra la obediencia ciega del ej\u00e9rcito nigeriano, utilizando la met\u00e1fora del &#8216;zombie&#8217; para denunciar la falta de humanidad en la represi\u00f3n estatal. Con su banda Afrika 70 en estado de gracia, el disco presenta un groove hipn\u00f3tico e imparable, donde los vientos cortantes y el ritmo de Tony [&hellip;]<\/p>\n","protected":false},"featured_media":6228,"template":"","meta":[],"product_brand":[],"product_cat":[689],"product_tag":[],"sello":[1281],"artista":[1280,1279],"class_list":{"0":"post-6226","1":"product","2":"type-product","3":"status-publish","4":"has-post-thumbnail","6":"product_cat-vinilos","7":"sello-knitting-factory-records","8":"artista-africa-70","9":"artista-fela-kuti","10":"fecha-356","11":"estilo-afrobeat","13":"first","14":"outofstock","15":"taxable","16":"shipping-taxable","17":"purchasable","18":"product-type-simple"},"_links":{"self":[{"href":"https:\/\/egiarecords.com\/eu\/wp-json\/wp\/v2\/product\/6226","targetHints":{"allow":["GET"]}}],"collection":[{"href":"https:\/\/egiarecords.com\/eu\/wp-json\/wp\/v2\/product"}],"about":[{"href":"https:\/\/egiarecords.com\/eu\/wp-json\/wp\/v2\/types\/product"}],"wp:featuredmedia":[{"embeddable":true,"href":"https:\/\/egiarecords.com\/eu\/wp-json\/wp\/v2\/media\/6228"}],"wp:attachment":[{"href":"https:\/\/egiarecords.com\/eu\/wp-json\/wp\/v2\/media?parent=6226"}],"wp:term":[{"taxonomy":"product_brand","embeddable":true,"href":"https:\/\/egiarecords.com\/eu\/wp-json\/wp\/v2\/product_brand?post=6226"},{"taxonomy":"product_cat","embeddable":true,"href":"https:\/\/egiarecords.com\/eu\/wp-json\/wp\/v2\/product_cat?post=6226"},{"taxonomy":"product_tag","embeddable":true,"href":"https:\/\/egiarecords.com\/eu\/wp-json\/wp\/v2\/product_tag?post=6226"},{"taxonomy":"sello","embeddable":true,"href":"https:\/\/egiarecords.com\/eu\/wp-json\/wp\/v2\/sello?post=6226"},{"taxonomy":"artista","embeddable":true,"href":"https:\/\/egiarecords.com\/eu\/wp-json\/wp\/v2\/artista?post=6226"}],"curies":[{"name":"wp","href":"https:\/\/api.w.org\/{rel}","templated":true}]}}