{"id":6223,"date":"2026-04-17T10:18:10","date_gmt":"2026-04-17T08:18:10","guid":{"rendered":"https:\/\/egiarecords.com\/?post_type=product&#038;p=6223"},"modified":"2026-04-17T10:18:18","modified_gmt":"2026-04-17T08:18:18","slug":"angola-soundtrack-2-hypnosis-distortion-other-sonic-innovations-1969-1978","status":"publish","type":"product","link":"https:\/\/egiarecords.com\/eu\/denda\/angola-soundtrack-2-hypnosis-distortion-other-sonic-innovations-1969-1978\/","title":{"rendered":"Angola Soundtrack 2 &#8211; Hypnosis, Distortion &#038; Other Sonic Innovations 1969 &#8211; 1978"},"content":{"rendered":"<p>Es un viaje hipn\u00f3tico a la era dorada de la m\u00fasica angole\u00f1a, donde los ritmos locales como el semba y la rebita se fundieron con la psicodelia y el rock para crear un sonido de resistencia \u00fanico<\/p>\n","protected":false},"excerpt":{"rendered":"<p>Es un viaje hipn\u00f3tico a la era dorada de la m\u00fasica angole\u00f1a, donde los ritmos locales como el semba y la rebita se fundieron con la psicodelia y el rock para crear un sonido de resistencia \u00fanico<\/p>\n","protected":false},"featured_media":6224,"template":"","meta":[],"product_brand":[],"product_cat":[689],"product_tag":[],"sello":[1051],"artista":[],"class_list":{"0":"post-6223","1":"product","2":"type-product","3":"status-publish","4":"has-post-thumbnail","6":"product_cat-vinilos","7":"sello-analog-africa","8":"fecha-312","9":"estilo-african","11":"first","12":"instock","13":"taxable","14":"shipping-taxable","15":"purchasable","16":"product-type-simple"},"_links":{"self":[{"href":"https:\/\/egiarecords.com\/eu\/wp-json\/wp\/v2\/product\/6223","targetHints":{"allow":["GET"]}}],"collection":[{"href":"https:\/\/egiarecords.com\/eu\/wp-json\/wp\/v2\/product"}],"about":[{"href":"https:\/\/egiarecords.com\/eu\/wp-json\/wp\/v2\/types\/product"}],"wp:featuredmedia":[{"embeddable":true,"href":"https:\/\/egiarecords.com\/eu\/wp-json\/wp\/v2\/media\/6224"}],"wp:attachment":[{"href":"https:\/\/egiarecords.com\/eu\/wp-json\/wp\/v2\/media?parent=6223"}],"wp:term":[{"taxonomy":"product_brand","embeddable":true,"href":"https:\/\/egiarecords.com\/eu\/wp-json\/wp\/v2\/product_brand?post=6223"},{"taxonomy":"product_cat","embeddable":true,"href":"https:\/\/egiarecords.com\/eu\/wp-json\/wp\/v2\/product_cat?post=6223"},{"taxonomy":"product_tag","embeddable":true,"href":"https:\/\/egiarecords.com\/eu\/wp-json\/wp\/v2\/product_tag?post=6223"},{"taxonomy":"sello","embeddable":true,"href":"https:\/\/egiarecords.com\/eu\/wp-json\/wp\/v2\/sello?post=6223"},{"taxonomy":"artista","embeddable":true,"href":"https:\/\/egiarecords.com\/eu\/wp-json\/wp\/v2\/artista?post=6223"}],"curies":[{"name":"wp","href":"https:\/\/api.w.org\/{rel}","templated":true}]}}