{"id":6220,"date":"2026-04-17T10:13:15","date_gmt":"2026-04-17T08:13:15","guid":{"rendered":"https:\/\/egiarecords.com\/?post_type=product&#038;p=6220"},"modified":"2026-04-17T10:13:30","modified_gmt":"2026-04-17T08:13:30","slug":"fight-the-fire-digital-reggae-conscious-roots-dub-in-nigeria-1986-1991","status":"publish","type":"product","link":"https:\/\/egiarecords.com\/eu\/denda\/fight-the-fire-digital-reggae-conscious-roots-dub-in-nigeria-1986-1991\/","title":{"rendered":"Fight The Fire: Digital Reggae, Conscious Roots &#038; Dub In Nigeria 1986-1991"},"content":{"rendered":"<p>El \u00e1lbum es un fest\u00edn de bajos profundos, cajas de ritmos primitivas y sintetizadores hipn\u00f3ticos, donde la cadencia jamaicana se encuentra con la rica herencia polirr\u00edtmica nigeriana<\/p>\n","protected":false},"excerpt":{"rendered":"<p>El \u00e1lbum es un fest\u00edn de bajos profundos, cajas de ritmos primitivas y sintetizadores hipn\u00f3ticos, donde la cadencia jamaicana se encuentra con la rica herencia polirr\u00edtmica nigeriana<\/p>\n","protected":false},"featured_media":6222,"template":"","meta":[],"product_brand":[],"product_cat":[689],"product_tag":[],"sello":[355],"artista":[],"class_list":{"0":"post-6220","1":"product","2":"type-product","3":"status-publish","4":"has-post-thumbnail","6":"product_cat-vinilos","7":"sello-soundway","8":"fecha-1302","9":"estilo-african","10":"estilo-dub","11":"estilo-roots-reggae","13":"first","14":"instock","15":"taxable","16":"shipping-taxable","17":"purchasable","18":"product-type-simple"},"_links":{"self":[{"href":"https:\/\/egiarecords.com\/eu\/wp-json\/wp\/v2\/product\/6220","targetHints":{"allow":["GET"]}}],"collection":[{"href":"https:\/\/egiarecords.com\/eu\/wp-json\/wp\/v2\/product"}],"about":[{"href":"https:\/\/egiarecords.com\/eu\/wp-json\/wp\/v2\/types\/product"}],"wp:featuredmedia":[{"embeddable":true,"href":"https:\/\/egiarecords.com\/eu\/wp-json\/wp\/v2\/media\/6222"}],"wp:attachment":[{"href":"https:\/\/egiarecords.com\/eu\/wp-json\/wp\/v2\/media?parent=6220"}],"wp:term":[{"taxonomy":"product_brand","embeddable":true,"href":"https:\/\/egiarecords.com\/eu\/wp-json\/wp\/v2\/product_brand?post=6220"},{"taxonomy":"product_cat","embeddable":true,"href":"https:\/\/egiarecords.com\/eu\/wp-json\/wp\/v2\/product_cat?post=6220"},{"taxonomy":"product_tag","embeddable":true,"href":"https:\/\/egiarecords.com\/eu\/wp-json\/wp\/v2\/product_tag?post=6220"},{"taxonomy":"sello","embeddable":true,"href":"https:\/\/egiarecords.com\/eu\/wp-json\/wp\/v2\/sello?post=6220"},{"taxonomy":"artista","embeddable":true,"href":"https:\/\/egiarecords.com\/eu\/wp-json\/wp\/v2\/artista?post=6220"}],"curies":[{"name":"wp","href":"https:\/\/api.w.org\/{rel}","templated":true}]}}