{"id":6216,"date":"2026-04-16T20:15:09","date_gmt":"2026-04-16T18:15:09","guid":{"rendered":"https:\/\/egiarecords.com\/?post_type=product&#038;p=6216"},"modified":"2026-04-16T20:15:25","modified_gmt":"2026-04-16T18:15:25","slug":"ary-lobo-ary-lobo-1958-1966","status":"publish","type":"product","link":"https:\/\/egiarecords.com\/eu\/denda\/ary-lobo-ary-lobo-1958-1966\/","title":{"rendered":"Ary Lobo &#8211; Ary Lobo 1958 &#8211; 1966"},"content":{"rendered":"<p>Es una antolog\u00eda vibrante que captura la \u00e9poca dorada de un pionero que llev\u00f3 los ritmos del norte de Brasil, como el bai\u00e3o y el coco, a los grandes centros urbanos con una energ\u00eda inigualable<\/p>\n","protected":false},"excerpt":{"rendered":"<p>Es una antolog\u00eda vibrante que captura la \u00e9poca dorada de un pionero que llev\u00f3 los ritmos del norte de Brasil, como el bai\u00e3o y el coco, a los grandes centros urbanos con una energ\u00eda inigualable<\/p>\n","protected":false},"featured_media":6218,"template":"","meta":[],"product_brand":[],"product_cat":[689],"product_tag":[],"sello":[1051],"artista":[1727],"class_list":{"0":"post-6216","1":"product","2":"type-product","3":"status-publish","4":"has-post-thumbnail","6":"product_cat-vinilos","7":"sello-analog-africa","8":"artista-ary-lobo","9":"fecha-306","10":"estilo-baiao","11":"estilo-forro","12":"estilo-samba","14":"first","15":"instock","16":"taxable","17":"shipping-taxable","18":"purchasable","19":"product-type-simple"},"_links":{"self":[{"href":"https:\/\/egiarecords.com\/eu\/wp-json\/wp\/v2\/product\/6216","targetHints":{"allow":["GET"]}}],"collection":[{"href":"https:\/\/egiarecords.com\/eu\/wp-json\/wp\/v2\/product"}],"about":[{"href":"https:\/\/egiarecords.com\/eu\/wp-json\/wp\/v2\/types\/product"}],"wp:featuredmedia":[{"embeddable":true,"href":"https:\/\/egiarecords.com\/eu\/wp-json\/wp\/v2\/media\/6218"}],"wp:attachment":[{"href":"https:\/\/egiarecords.com\/eu\/wp-json\/wp\/v2\/media?parent=6216"}],"wp:term":[{"taxonomy":"product_brand","embeddable":true,"href":"https:\/\/egiarecords.com\/eu\/wp-json\/wp\/v2\/product_brand?post=6216"},{"taxonomy":"product_cat","embeddable":true,"href":"https:\/\/egiarecords.com\/eu\/wp-json\/wp\/v2\/product_cat?post=6216"},{"taxonomy":"product_tag","embeddable":true,"href":"https:\/\/egiarecords.com\/eu\/wp-json\/wp\/v2\/product_tag?post=6216"},{"taxonomy":"sello","embeddable":true,"href":"https:\/\/egiarecords.com\/eu\/wp-json\/wp\/v2\/sello?post=6216"},{"taxonomy":"artista","embeddable":true,"href":"https:\/\/egiarecords.com\/eu\/wp-json\/wp\/v2\/artista?post=6216"}],"curies":[{"name":"wp","href":"https:\/\/api.w.org\/{rel}","templated":true}]}}