{"id":6210,"date":"2026-04-16T17:21:45","date_gmt":"2026-04-16T15:21:45","guid":{"rendered":"https:\/\/egiarecords.com\/?post_type=product&#038;p=6210"},"modified":"2026-04-16T17:21:54","modified_gmt":"2026-04-16T15:21:54","slug":"gang-starr-moment-of-truth","status":"publish","type":"product","link":"https:\/\/egiarecords.com\/eu\/denda\/gang-starr-moment-of-truth\/","title":{"rendered":"Gang Starr &#8211; Moment Of Truth"},"content":{"rendered":"<p>El \u00e1lbum es una clase magistral de producci\u00f3n <i data-path-to-node=\"2,1,0\" data-index-in-node=\"62\">boom bap<\/i>, con Premier elevando el arte del sampleo a niveles estratosf\u00e9ricos mientras Guru despliega su flujo mon\u00f3tono y sabio sobre temas de redenci\u00f3n y lealtad.<\/p>\n","protected":false},"excerpt":{"rendered":"<p>El \u00e1lbum es una clase magistral de producci\u00f3n boom bap, con Premier elevando el arte del sampleo a niveles estratosf\u00e9ricos mientras Guru despliega su flujo mon\u00f3tono y sabio sobre temas de redenci\u00f3n y lealtad.<\/p>\n","protected":false},"featured_media":6213,"template":"","meta":[],"product_brand":[],"product_cat":[689],"product_tag":[],"sello":[1725,396],"artista":[1724],"class_list":{"0":"post-6210","1":"product","2":"type-product","3":"status-publish","4":"has-post-thumbnail","6":"product_cat-vinilos","7":"sello-noo-trybe-records","8":"sello-virgin","9":"artista-gang-starr","10":"fecha-310","12":"first","13":"instock","14":"taxable","15":"shipping-taxable","16":"purchasable","17":"product-type-simple"},"_links":{"self":[{"href":"https:\/\/egiarecords.com\/eu\/wp-json\/wp\/v2\/product\/6210","targetHints":{"allow":["GET"]}}],"collection":[{"href":"https:\/\/egiarecords.com\/eu\/wp-json\/wp\/v2\/product"}],"about":[{"href":"https:\/\/egiarecords.com\/eu\/wp-json\/wp\/v2\/types\/product"}],"wp:featuredmedia":[{"embeddable":true,"href":"https:\/\/egiarecords.com\/eu\/wp-json\/wp\/v2\/media\/6213"}],"wp:attachment":[{"href":"https:\/\/egiarecords.com\/eu\/wp-json\/wp\/v2\/media?parent=6210"}],"wp:term":[{"taxonomy":"product_brand","embeddable":true,"href":"https:\/\/egiarecords.com\/eu\/wp-json\/wp\/v2\/product_brand?post=6210"},{"taxonomy":"product_cat","embeddable":true,"href":"https:\/\/egiarecords.com\/eu\/wp-json\/wp\/v2\/product_cat?post=6210"},{"taxonomy":"product_tag","embeddable":true,"href":"https:\/\/egiarecords.com\/eu\/wp-json\/wp\/v2\/product_tag?post=6210"},{"taxonomy":"sello","embeddable":true,"href":"https:\/\/egiarecords.com\/eu\/wp-json\/wp\/v2\/sello?post=6210"},{"taxonomy":"artista","embeddable":true,"href":"https:\/\/egiarecords.com\/eu\/wp-json\/wp\/v2\/artista?post=6210"}],"curies":[{"name":"wp","href":"https:\/\/api.w.org\/{rel}","templated":true}]}}