{"id":6199,"date":"2026-04-16T16:38:08","date_gmt":"2026-04-16T14:38:08","guid":{"rendered":"https:\/\/egiarecords.com\/?post_type=product&#038;p=6199"},"modified":"2026-04-16T16:38:26","modified_gmt":"2026-04-16T14:38:26","slug":"candelabro-deseo-carne-y-voluntad","status":"publish","type":"product","link":"https:\/\/egiarecords.com\/eu\/denda\/candelabro-deseo-carne-y-voluntad\/","title":{"rendered":"Candelabro &#8211; Deseo, Carne Y Voluntad"},"content":{"rendered":"<p>Musicalmente es una arquitectura de tensi\u00f3n y liberaci\u00f3n, mezclando guitarras expansivas, ritmos hipn\u00f3ticos y una producci\u00f3n que abraza lo industrial y lo org\u00e1nico por igual<\/p>\n","protected":false},"excerpt":{"rendered":"<p>Musicalmente es una arquitectura de tensi\u00f3n y liberaci\u00f3n, mezclando guitarras expansivas, ritmos hipn\u00f3ticos y una producci\u00f3n que abraza lo industrial y lo org\u00e1nico por igual<\/p>\n","protected":false},"featured_media":6202,"template":"","meta":[],"product_brand":[],"product_cat":[689],"product_tag":[],"sello":[1721,54],"artista":[1720],"class_list":{"0":"post-6199","1":"product","2":"type-product","3":"status-publish","4":"has-post-thumbnail","6":"product_cat-vinilos","7":"sello-registro-movil","8":"sello-sonido-muchacho","9":"artista-candelabro","10":"fecha-1302","11":"estilo-art-rock","12":"estilo-indie-rock","13":"estilo-post-rock","15":"first","16":"instock","17":"taxable","18":"shipping-taxable","19":"purchasable","20":"product-type-simple"},"_links":{"self":[{"href":"https:\/\/egiarecords.com\/eu\/wp-json\/wp\/v2\/product\/6199","targetHints":{"allow":["GET"]}}],"collection":[{"href":"https:\/\/egiarecords.com\/eu\/wp-json\/wp\/v2\/product"}],"about":[{"href":"https:\/\/egiarecords.com\/eu\/wp-json\/wp\/v2\/types\/product"}],"wp:featuredmedia":[{"embeddable":true,"href":"https:\/\/egiarecords.com\/eu\/wp-json\/wp\/v2\/media\/6202"}],"wp:attachment":[{"href":"https:\/\/egiarecords.com\/eu\/wp-json\/wp\/v2\/media?parent=6199"}],"wp:term":[{"taxonomy":"product_brand","embeddable":true,"href":"https:\/\/egiarecords.com\/eu\/wp-json\/wp\/v2\/product_brand?post=6199"},{"taxonomy":"product_cat","embeddable":true,"href":"https:\/\/egiarecords.com\/eu\/wp-json\/wp\/v2\/product_cat?post=6199"},{"taxonomy":"product_tag","embeddable":true,"href":"https:\/\/egiarecords.com\/eu\/wp-json\/wp\/v2\/product_tag?post=6199"},{"taxonomy":"sello","embeddable":true,"href":"https:\/\/egiarecords.com\/eu\/wp-json\/wp\/v2\/sello?post=6199"},{"taxonomy":"artista","embeddable":true,"href":"https:\/\/egiarecords.com\/eu\/wp-json\/wp\/v2\/artista?post=6199"}],"curies":[{"name":"wp","href":"https:\/\/api.w.org\/{rel}","templated":true}]}}