{"id":6147,"date":"2026-04-13T11:51:41","date_gmt":"2026-04-13T09:51:41","guid":{"rendered":"https:\/\/egiarecords.com\/?post_type=product&#038;p=6147"},"modified":"2026-04-13T11:52:20","modified_gmt":"2026-04-13T09:52:20","slug":"idles-tangk","status":"publish","type":"product","link":"https:\/\/egiarecords.com\/eu\/denda\/idles-tangk\/","title":{"rendered":"Idles &#8211; Tangk"},"content":{"rendered":"<p><i data-path-to-node=\"2,2,0\" data-index-in-node=\"17\">TANGK<\/i> consolida a IDLES como una de las bandas m\u00e1s vitales del rock actual, demostrando que pueden evolucionar hacia terrenos m\u00e1s complejos y maduros sin perder ni un \u00e1pice de su honestidad brutal<\/p>\n","protected":false},"excerpt":{"rendered":"<p>TANGK consolida a IDLES como una de las bandas m\u00e1s vitales del rock actual, demostrando que pueden evolucionar hacia terrenos m\u00e1s complejos y maduros sin perder ni un \u00e1pice de su honestidad brutal<\/p>\n","protected":false},"featured_media":6148,"template":"","meta":[],"product_brand":[],"product_cat":[689],"product_tag":[],"sello":[924],"artista":[978],"class_list":{"0":"post-6147","1":"product","2":"type-product","3":"status-publish","4":"has-post-thumbnail","6":"product_cat-vinilos","7":"sello-partisan-records","8":"artista-idles","9":"fecha-334","10":"estilo-art-rock","11":"estilo-post-punk","13":"first","14":"instock","15":"taxable","16":"shipping-taxable","17":"purchasable","18":"product-type-simple"},"_links":{"self":[{"href":"https:\/\/egiarecords.com\/eu\/wp-json\/wp\/v2\/product\/6147","targetHints":{"allow":["GET"]}}],"collection":[{"href":"https:\/\/egiarecords.com\/eu\/wp-json\/wp\/v2\/product"}],"about":[{"href":"https:\/\/egiarecords.com\/eu\/wp-json\/wp\/v2\/types\/product"}],"wp:featuredmedia":[{"embeddable":true,"href":"https:\/\/egiarecords.com\/eu\/wp-json\/wp\/v2\/media\/6148"}],"wp:attachment":[{"href":"https:\/\/egiarecords.com\/eu\/wp-json\/wp\/v2\/media?parent=6147"}],"wp:term":[{"taxonomy":"product_brand","embeddable":true,"href":"https:\/\/egiarecords.com\/eu\/wp-json\/wp\/v2\/product_brand?post=6147"},{"taxonomy":"product_cat","embeddable":true,"href":"https:\/\/egiarecords.com\/eu\/wp-json\/wp\/v2\/product_cat?post=6147"},{"taxonomy":"product_tag","embeddable":true,"href":"https:\/\/egiarecords.com\/eu\/wp-json\/wp\/v2\/product_tag?post=6147"},{"taxonomy":"sello","embeddable":true,"href":"https:\/\/egiarecords.com\/eu\/wp-json\/wp\/v2\/sello?post=6147"},{"taxonomy":"artista","embeddable":true,"href":"https:\/\/egiarecords.com\/eu\/wp-json\/wp\/v2\/artista?post=6147"}],"curies":[{"name":"wp","href":"https:\/\/api.w.org\/{rel}","templated":true}]}}