{"id":6137,"date":"2026-04-11T19:09:36","date_gmt":"2026-04-11T17:09:36","guid":{"rendered":"https:\/\/egiarecords.com\/?post_type=product&#038;p=6137"},"modified":"2026-04-13T17:28:01","modified_gmt":"2026-04-13T15:28:01","slug":"asap-rocky-dont-be-dumb","status":"publish","type":"product","link":"https:\/\/egiarecords.com\/eu\/denda\/asap-rocky-dont-be-dumb\/","title":{"rendered":"ASAP Rocky &#8211; Don&#8217;t Be Dumb"},"content":{"rendered":"<p>El \u00e1lbum es un laboratorio sonoro cargado de texturas psicod\u00e9licas, producciones experimentales y colaboraciones de primer nivel que capturan la esencia del &#8216;Flacko&#8217; m\u00e1s maduro y vanguardista<\/p>\n","protected":false},"excerpt":{"rendered":"<p>El \u00e1lbum es un laboratorio sonoro cargado de texturas psicod\u00e9licas, producciones experimentales y colaboraciones de primer nivel que capturan la esencia del &#8216;Flacko&#8217; m\u00e1s maduro y vanguardista<\/p>\n","protected":false},"featured_media":6140,"template":"","meta":[],"product_brand":[],"product_cat":[689],"product_tag":[],"sello":[1715],"artista":[1042],"class_list":{"0":"post-6137","1":"product","2":"type-product","3":"status-publish","4":"has-post-thumbnail","6":"product_cat-vinilos","7":"sello-awge","8":"artista-asap-rocky","9":"fecha-1302","10":"estilo-boom-bap","11":"estilo-cloud-rap","12":"estilo-jazzy-hip-hop","13":"estilo-trap","15":"first","16":"instock","17":"taxable","18":"shipping-taxable","19":"purchasable","20":"product-type-simple"},"_links":{"self":[{"href":"https:\/\/egiarecords.com\/eu\/wp-json\/wp\/v2\/product\/6137","targetHints":{"allow":["GET"]}}],"collection":[{"href":"https:\/\/egiarecords.com\/eu\/wp-json\/wp\/v2\/product"}],"about":[{"href":"https:\/\/egiarecords.com\/eu\/wp-json\/wp\/v2\/types\/product"}],"wp:featuredmedia":[{"embeddable":true,"href":"https:\/\/egiarecords.com\/eu\/wp-json\/wp\/v2\/media\/6140"}],"wp:attachment":[{"href":"https:\/\/egiarecords.com\/eu\/wp-json\/wp\/v2\/media?parent=6137"}],"wp:term":[{"taxonomy":"product_brand","embeddable":true,"href":"https:\/\/egiarecords.com\/eu\/wp-json\/wp\/v2\/product_brand?post=6137"},{"taxonomy":"product_cat","embeddable":true,"href":"https:\/\/egiarecords.com\/eu\/wp-json\/wp\/v2\/product_cat?post=6137"},{"taxonomy":"product_tag","embeddable":true,"href":"https:\/\/egiarecords.com\/eu\/wp-json\/wp\/v2\/product_tag?post=6137"},{"taxonomy":"sello","embeddable":true,"href":"https:\/\/egiarecords.com\/eu\/wp-json\/wp\/v2\/sello?post=6137"},{"taxonomy":"artista","embeddable":true,"href":"https:\/\/egiarecords.com\/eu\/wp-json\/wp\/v2\/artista?post=6137"}],"curies":[{"name":"wp","href":"https:\/\/api.w.org\/{rel}","templated":true}]}}