{"id":6131,"date":"2026-04-11T16:00:58","date_gmt":"2026-04-11T14:00:58","guid":{"rendered":"https:\/\/egiarecords.com\/?post_type=product&#038;p=6131"},"modified":"2026-04-11T16:01:05","modified_gmt":"2026-04-11T14:01:05","slug":"kool-the-gang-greatest-hits","status":"publish","type":"product","link":"https:\/\/egiarecords.com\/eu\/denda\/kool-the-gang-greatest-hits\/","title":{"rendered":"Kool &#038; The Gang &#8211; Greatest Hits"},"content":{"rendered":"<p>Es la banda sonora definitiva de cualquier celebraci\u00f3n, un viaje vibrante que recorre desde el funk m\u00e1s puro de sus inicios hasta el pop-soul sofisticado que domin\u00f3 las pistas de baile del mundo entero.<\/p>\n","protected":false},"excerpt":{"rendered":"<p>Es la banda sonora definitiva de cualquier celebraci\u00f3n, un viaje vibrante que recorre desde el funk m\u00e1s puro de sus inicios hasta el pop-soul sofisticado que domin\u00f3 las pistas de baile del mundo entero.<\/p>\n","protected":false},"featured_media":6134,"template":"","meta":[],"product_brand":[],"product_cat":[689],"product_tag":[],"sello":[1165,1048],"artista":[1714],"class_list":{"0":"post-6131","1":"product","2":"type-product","3":"status-publish","4":"has-post-thumbnail","6":"product_cat-vinilos","7":"sello-mercury","8":"sello-ume","9":"artista-kool-the-gang","10":"fecha-305","11":"estilo-disco","12":"estilo-funk","14":"first","15":"instock","16":"taxable","17":"shipping-taxable","18":"purchasable","19":"product-type-simple"},"_links":{"self":[{"href":"https:\/\/egiarecords.com\/eu\/wp-json\/wp\/v2\/product\/6131","targetHints":{"allow":["GET"]}}],"collection":[{"href":"https:\/\/egiarecords.com\/eu\/wp-json\/wp\/v2\/product"}],"about":[{"href":"https:\/\/egiarecords.com\/eu\/wp-json\/wp\/v2\/types\/product"}],"wp:featuredmedia":[{"embeddable":true,"href":"https:\/\/egiarecords.com\/eu\/wp-json\/wp\/v2\/media\/6134"}],"wp:attachment":[{"href":"https:\/\/egiarecords.com\/eu\/wp-json\/wp\/v2\/media?parent=6131"}],"wp:term":[{"taxonomy":"product_brand","embeddable":true,"href":"https:\/\/egiarecords.com\/eu\/wp-json\/wp\/v2\/product_brand?post=6131"},{"taxonomy":"product_cat","embeddable":true,"href":"https:\/\/egiarecords.com\/eu\/wp-json\/wp\/v2\/product_cat?post=6131"},{"taxonomy":"product_tag","embeddable":true,"href":"https:\/\/egiarecords.com\/eu\/wp-json\/wp\/v2\/product_tag?post=6131"},{"taxonomy":"sello","embeddable":true,"href":"https:\/\/egiarecords.com\/eu\/wp-json\/wp\/v2\/sello?post=6131"},{"taxonomy":"artista","embeddable":true,"href":"https:\/\/egiarecords.com\/eu\/wp-json\/wp\/v2\/artista?post=6131"}],"curies":[{"name":"wp","href":"https:\/\/api.w.org\/{rel}","templated":true}]}}