{"id":6127,"date":"2026-04-11T14:48:40","date_gmt":"2026-04-11T12:48:40","guid":{"rendered":"https:\/\/egiarecords.com\/?post_type=product&#038;p=6127"},"modified":"2026-04-11T14:48:41","modified_gmt":"2026-04-11T12:48:41","slug":"miles-davis-volume-2","status":"publish","type":"product","link":"https:\/\/egiarecords.com\/eu\/denda\/miles-davis-volume-2\/","title":{"rendered":"Miles Davis &#8211; Volume 2"},"content":{"rendered":"<p>Es un testimonio crucial de la evoluci\u00f3n de Miles en los a\u00f1os 50, donde empieza a definir ese estilo personal y directo que lo alejar\u00eda de la complejidad fren\u00e9tica del bebop puro<\/p>\n","protected":false},"excerpt":{"rendered":"<p>Es un testimonio crucial de la evoluci\u00f3n de Miles en los a\u00f1os 50, donde empieza a definir ese estilo personal y directo que lo alejar\u00eda de la complejidad fren\u00e9tica del bebop puro<\/p>\n","protected":false},"featured_media":6129,"template":"","meta":[],"product_brand":[],"product_cat":[689],"product_tag":[],"sello":[535],"artista":[1015],"class_list":{"0":"post-6127","1":"product","2":"type-product","3":"status-publish","4":"has-post-thumbnail","6":"product_cat-vinilos","7":"sello-blue-note","8":"artista-miles-davis","9":"fecha-1713","10":"estilo-bop","11":"estilo-hard-bop","13":"first","14":"instock","15":"taxable","16":"shipping-taxable","17":"purchasable","18":"product-type-simple"},"_links":{"self":[{"href":"https:\/\/egiarecords.com\/eu\/wp-json\/wp\/v2\/product\/6127","targetHints":{"allow":["GET"]}}],"collection":[{"href":"https:\/\/egiarecords.com\/eu\/wp-json\/wp\/v2\/product"}],"about":[{"href":"https:\/\/egiarecords.com\/eu\/wp-json\/wp\/v2\/types\/product"}],"wp:featuredmedia":[{"embeddable":true,"href":"https:\/\/egiarecords.com\/eu\/wp-json\/wp\/v2\/media\/6129"}],"wp:attachment":[{"href":"https:\/\/egiarecords.com\/eu\/wp-json\/wp\/v2\/media?parent=6127"}],"wp:term":[{"taxonomy":"product_brand","embeddable":true,"href":"https:\/\/egiarecords.com\/eu\/wp-json\/wp\/v2\/product_brand?post=6127"},{"taxonomy":"product_cat","embeddable":true,"href":"https:\/\/egiarecords.com\/eu\/wp-json\/wp\/v2\/product_cat?post=6127"},{"taxonomy":"product_tag","embeddable":true,"href":"https:\/\/egiarecords.com\/eu\/wp-json\/wp\/v2\/product_tag?post=6127"},{"taxonomy":"sello","embeddable":true,"href":"https:\/\/egiarecords.com\/eu\/wp-json\/wp\/v2\/sello?post=6127"},{"taxonomy":"artista","embeddable":true,"href":"https:\/\/egiarecords.com\/eu\/wp-json\/wp\/v2\/artista?post=6127"}],"curies":[{"name":"wp","href":"https:\/\/api.w.org\/{rel}","templated":true}]}}