{"id":6123,"date":"2026-04-11T14:42:50","date_gmt":"2026-04-11T12:42:50","guid":{"rendered":"https:\/\/egiarecords.com\/?post_type=product&#038;p=6123"},"modified":"2026-04-11T14:45:31","modified_gmt":"2026-04-11T12:45:31","slug":"miles-davis-sketches-of-spain","status":"publish","type":"product","link":"https:\/\/egiarecords.com\/eu\/denda\/miles-davis-sketches-of-spain\/","title":{"rendered":"Miles Davis &#8211; Sketches Of Spain"},"content":{"rendered":"<p>Es un \u00e1lbum donde el jazz se viste de flamenco y m\u00fasica cl\u00e1sica espa\u00f1ola, transformando la trompeta de Miles en una voz que llora y canta con una intensidad casi m\u00edstica<\/p>\n","protected":false},"excerpt":{"rendered":"<p>Es un \u00e1lbum donde el jazz se viste de flamenco y m\u00fasica cl\u00e1sica espa\u00f1ola, transformando la trompeta de Miles en una voz que llora y canta con una intensidad casi m\u00edstica<\/p>\n","protected":false},"featured_media":6125,"template":"","meta":[],"product_brand":[],"product_cat":[689],"product_tag":[],"sello":[1006],"artista":[1015],"class_list":{"0":"post-6123","1":"product","2":"type-product","3":"status-publish","4":"has-post-thumbnail","6":"product_cat-vinilos","7":"sello-jazz-wax-records","8":"artista-miles-davis","9":"fecha-334","10":"estilo-cool-jazz","11":"estilo-modal","13":"first","14":"instock","15":"taxable","16":"shipping-taxable","17":"purchasable","18":"product-type-simple"},"_links":{"self":[{"href":"https:\/\/egiarecords.com\/eu\/wp-json\/wp\/v2\/product\/6123","targetHints":{"allow":["GET"]}}],"collection":[{"href":"https:\/\/egiarecords.com\/eu\/wp-json\/wp\/v2\/product"}],"about":[{"href":"https:\/\/egiarecords.com\/eu\/wp-json\/wp\/v2\/types\/product"}],"wp:featuredmedia":[{"embeddable":true,"href":"https:\/\/egiarecords.com\/eu\/wp-json\/wp\/v2\/media\/6125"}],"wp:attachment":[{"href":"https:\/\/egiarecords.com\/eu\/wp-json\/wp\/v2\/media?parent=6123"}],"wp:term":[{"taxonomy":"product_brand","embeddable":true,"href":"https:\/\/egiarecords.com\/eu\/wp-json\/wp\/v2\/product_brand?post=6123"},{"taxonomy":"product_cat","embeddable":true,"href":"https:\/\/egiarecords.com\/eu\/wp-json\/wp\/v2\/product_cat?post=6123"},{"taxonomy":"product_tag","embeddable":true,"href":"https:\/\/egiarecords.com\/eu\/wp-json\/wp\/v2\/product_tag?post=6123"},{"taxonomy":"sello","embeddable":true,"href":"https:\/\/egiarecords.com\/eu\/wp-json\/wp\/v2\/sello?post=6123"},{"taxonomy":"artista","embeddable":true,"href":"https:\/\/egiarecords.com\/eu\/wp-json\/wp\/v2\/artista?post=6123"}],"curies":[{"name":"wp","href":"https:\/\/api.w.org\/{rel}","templated":true}]}}