{"id":6117,"date":"2026-04-11T13:35:35","date_gmt":"2026-04-11T11:35:35","guid":{"rendered":"https:\/\/egiarecords.com\/?post_type=product&#038;p=6117"},"modified":"2026-04-20T12:26:20","modified_gmt":"2026-04-20T10:26:20","slug":"john-coltrane-essential-coltrane","status":"publish","type":"product","link":"https:\/\/egiarecords.com\/eu\/denda\/john-coltrane-essential-coltrane\/","title":{"rendered":"John Coltrane &#8211; Essential Coltrane"},"content":{"rendered":"<p>El \u00e1lbum captura la inconfundible &#8216;hoja de sonido&#8217; de Coltrane, mostrando su maestr\u00eda t\u00e9cnica tanto en baladas \u00edntimas como en improvisaciones torrenciales que desaf\u00edan los l\u00edmites del saxof\u00f3n<\/p>\n","protected":false},"excerpt":{"rendered":"<p>El \u00e1lbum captura la inconfundible &#8216;hoja de sonido&#8217; de Coltrane, mostrando su maestr\u00eda t\u00e9cnica tanto en baladas \u00edntimas como en improvisaciones torrenciales que desaf\u00edan los l\u00edmites del saxof\u00f3n<\/p>\n","protected":false},"featured_media":6120,"template":"","meta":[],"product_brand":[],"product_cat":[689],"product_tag":[],"sello":[1711],"artista":[1003],"class_list":{"0":"post-6117","1":"product","2":"type-product","3":"status-publish","4":"has-post-thumbnail","6":"product_cat-vinilos","7":"sello-jazz-images","8":"artista-john-coltrane","9":"fecha-305","11":"first","12":"outofstock","13":"taxable","14":"shipping-taxable","15":"purchasable","16":"product-type-simple"},"_links":{"self":[{"href":"https:\/\/egiarecords.com\/eu\/wp-json\/wp\/v2\/product\/6117","targetHints":{"allow":["GET"]}}],"collection":[{"href":"https:\/\/egiarecords.com\/eu\/wp-json\/wp\/v2\/product"}],"about":[{"href":"https:\/\/egiarecords.com\/eu\/wp-json\/wp\/v2\/types\/product"}],"wp:featuredmedia":[{"embeddable":true,"href":"https:\/\/egiarecords.com\/eu\/wp-json\/wp\/v2\/media\/6120"}],"wp:attachment":[{"href":"https:\/\/egiarecords.com\/eu\/wp-json\/wp\/v2\/media?parent=6117"}],"wp:term":[{"taxonomy":"product_brand","embeddable":true,"href":"https:\/\/egiarecords.com\/eu\/wp-json\/wp\/v2\/product_brand?post=6117"},{"taxonomy":"product_cat","embeddable":true,"href":"https:\/\/egiarecords.com\/eu\/wp-json\/wp\/v2\/product_cat?post=6117"},{"taxonomy":"product_tag","embeddable":true,"href":"https:\/\/egiarecords.com\/eu\/wp-json\/wp\/v2\/product_tag?post=6117"},{"taxonomy":"sello","embeddable":true,"href":"https:\/\/egiarecords.com\/eu\/wp-json\/wp\/v2\/sello?post=6117"},{"taxonomy":"artista","embeddable":true,"href":"https:\/\/egiarecords.com\/eu\/wp-json\/wp\/v2\/artista?post=6117"}],"curies":[{"name":"wp","href":"https:\/\/api.w.org\/{rel}","templated":true}]}}