{"id":6113,"date":"2026-04-11T13:32:43","date_gmt":"2026-04-11T11:32:43","guid":{"rendered":"https:\/\/egiarecords.com\/?post_type=product&#038;p=6113"},"modified":"2026-04-11T13:32:53","modified_gmt":"2026-04-11T11:32:53","slug":"john-coltrane-a-love-supreme","status":"publish","type":"product","link":"https:\/\/egiarecords.com\/eu\/denda\/john-coltrane-a-love-supreme\/","title":{"rendered":"John Coltrane &#8211; A Love Supreme"},"content":{"rendered":"<p>Con su legendario cuarteto, Coltrane lleva el saxof\u00f3n tenor a l\u00edmites inexplorados, creando un sonido hipn\u00f3tico que fluye desde el free jazz hasta la oraci\u00f3n r\u00edtmica, destacando el ic\u00f3nico motivo de bajo que da nombre al disco.<\/p>\n","protected":false},"excerpt":{"rendered":"<p>Con su legendario cuarteto, Coltrane lleva el saxof\u00f3n tenor a l\u00edmites inexplorados, creando un sonido hipn\u00f3tico que fluye desde el free jazz hasta la oraci\u00f3n r\u00edtmica, destacando el ic\u00f3nico motivo de bajo que da nombre al disco.<\/p>\n","protected":false},"featured_media":6115,"template":"","meta":[],"product_brand":[],"product_cat":[689],"product_tag":[],"sello":[1007,1048,1149],"artista":[1003],"class_list":{"0":"post-6113","1":"product","2":"type-product","3":"status-publish","4":"has-post-thumbnail","6":"product_cat-vinilos","7":"sello-impulse","8":"sello-ume","9":"sello-verve-records","10":"artista-john-coltrane","11":"fecha-317","12":"estilo-free-jazz","13":"estilo-hard-bop","14":"estilo-modal","16":"first","17":"instock","18":"taxable","19":"shipping-taxable","20":"purchasable","21":"product-type-simple"},"_links":{"self":[{"href":"https:\/\/egiarecords.com\/eu\/wp-json\/wp\/v2\/product\/6113","targetHints":{"allow":["GET"]}}],"collection":[{"href":"https:\/\/egiarecords.com\/eu\/wp-json\/wp\/v2\/product"}],"about":[{"href":"https:\/\/egiarecords.com\/eu\/wp-json\/wp\/v2\/types\/product"}],"wp:featuredmedia":[{"embeddable":true,"href":"https:\/\/egiarecords.com\/eu\/wp-json\/wp\/v2\/media\/6115"}],"wp:attachment":[{"href":"https:\/\/egiarecords.com\/eu\/wp-json\/wp\/v2\/media?parent=6113"}],"wp:term":[{"taxonomy":"product_brand","embeddable":true,"href":"https:\/\/egiarecords.com\/eu\/wp-json\/wp\/v2\/product_brand?post=6113"},{"taxonomy":"product_cat","embeddable":true,"href":"https:\/\/egiarecords.com\/eu\/wp-json\/wp\/v2\/product_cat?post=6113"},{"taxonomy":"product_tag","embeddable":true,"href":"https:\/\/egiarecords.com\/eu\/wp-json\/wp\/v2\/product_tag?post=6113"},{"taxonomy":"sello","embeddable":true,"href":"https:\/\/egiarecords.com\/eu\/wp-json\/wp\/v2\/sello?post=6113"},{"taxonomy":"artista","embeddable":true,"href":"https:\/\/egiarecords.com\/eu\/wp-json\/wp\/v2\/artista?post=6113"}],"curies":[{"name":"wp","href":"https:\/\/api.w.org\/{rel}","templated":true}]}}