{"id":6108,"date":"2026-04-11T12:40:12","date_gmt":"2026-04-11T10:40:12","guid":{"rendered":"https:\/\/egiarecords.com\/?post_type=product&#038;p=6108"},"modified":"2026-04-20T12:26:58","modified_gmt":"2026-04-20T10:26:58","slug":"shakira-pies-descalzos","status":"publish","type":"product","link":"https:\/\/egiarecords.com\/eu\/denda\/shakira-pies-descalzos\/","title":{"rendered":"Shakira &#8211; Pies Descalzos"},"content":{"rendered":"<p>Es el \u00e1lbum del gran salto, donde una joven Shakira present\u00f3 su voz \u00fanica y su talento como cantautora, mezclando introspecci\u00f3n po\u00e9tica con una rebeld\u00eda refrescante.<\/p>\n","protected":false},"excerpt":{"rendered":"<p>Es el \u00e1lbum del gran salto, donde una joven Shakira present\u00f3 su voz \u00fanica y su talento como cantautora, mezclando introspecci\u00f3n po\u00e9tica con una rebeld\u00eda refrescante.<\/p>\n","protected":false},"featured_media":6110,"template":"","meta":[],"product_brand":[],"product_cat":[689],"product_tag":[],"sello":[523,471,33],"artista":[1710],"class_list":{"0":"post-6108","1":"product","2":"type-product","3":"status-publish","4":"has-post-thumbnail","6":"product_cat-vinilos","7":"sello-epic","8":"sello-legacy","9":"sello-sony-music","10":"artista-shakira","11":"fecha-305","12":"estilo-latin-pop","14":"first","15":"outofstock","16":"taxable","17":"shipping-taxable","18":"purchasable","19":"product-type-simple"},"_links":{"self":[{"href":"https:\/\/egiarecords.com\/eu\/wp-json\/wp\/v2\/product\/6108","targetHints":{"allow":["GET"]}}],"collection":[{"href":"https:\/\/egiarecords.com\/eu\/wp-json\/wp\/v2\/product"}],"about":[{"href":"https:\/\/egiarecords.com\/eu\/wp-json\/wp\/v2\/types\/product"}],"wp:featuredmedia":[{"embeddable":true,"href":"https:\/\/egiarecords.com\/eu\/wp-json\/wp\/v2\/media\/6110"}],"wp:attachment":[{"href":"https:\/\/egiarecords.com\/eu\/wp-json\/wp\/v2\/media?parent=6108"}],"wp:term":[{"taxonomy":"product_brand","embeddable":true,"href":"https:\/\/egiarecords.com\/eu\/wp-json\/wp\/v2\/product_brand?post=6108"},{"taxonomy":"product_cat","embeddable":true,"href":"https:\/\/egiarecords.com\/eu\/wp-json\/wp\/v2\/product_cat?post=6108"},{"taxonomy":"product_tag","embeddable":true,"href":"https:\/\/egiarecords.com\/eu\/wp-json\/wp\/v2\/product_tag?post=6108"},{"taxonomy":"sello","embeddable":true,"href":"https:\/\/egiarecords.com\/eu\/wp-json\/wp\/v2\/sello?post=6108"},{"taxonomy":"artista","embeddable":true,"href":"https:\/\/egiarecords.com\/eu\/wp-json\/wp\/v2\/artista?post=6108"}],"curies":[{"name":"wp","href":"https:\/\/api.w.org\/{rel}","templated":true}]}}