{"id":6103,"date":"2026-04-11T12:33:26","date_gmt":"2026-04-11T10:33:26","guid":{"rendered":"https:\/\/egiarecords.com\/?post_type=product&#038;p=6103"},"modified":"2026-04-11T12:33:40","modified_gmt":"2026-04-11T10:33:40","slug":"shakira-donde-estan-los-ladrones","status":"publish","type":"product","link":"https:\/\/egiarecords.com\/eu\/denda\/shakira-donde-estan-los-ladrones\/","title":{"rendered":"Shakira &#8211; D\u00f3nde Est\u00e1n Los Ladrones?"},"content":{"rendered":"<p>Es la obra maestra que define la identidad de la Shakira de los 90: po\u00e9tica, rebelde y capaz de fusionar con maestr\u00eda el rock con ritmos \u00e1rabes y latinos.<\/p>\n","protected":false},"excerpt":{"rendered":"<p>Es la obra maestra que define la identidad de la Shakira de los 90: po\u00e9tica, rebelde y capaz de fusionar con maestr\u00eda el rock con ritmos \u00e1rabes y latinos.<\/p>\n","protected":false},"featured_media":6106,"template":"","meta":[],"product_brand":[],"product_cat":[689],"product_tag":[],"sello":[523,471,33],"artista":[1710],"class_list":{"0":"post-6103","1":"product","2":"type-product","3":"status-publish","4":"has-post-thumbnail","6":"product_cat-vinilos","7":"sello-epic","8":"sello-legacy","9":"sello-sony-music","10":"artista-shakira","11":"fecha-306","12":"estilo-pop-rock","13":"estilo-vocal","15":"first","16":"instock","17":"taxable","18":"shipping-taxable","19":"purchasable","20":"product-type-simple"},"_links":{"self":[{"href":"https:\/\/egiarecords.com\/eu\/wp-json\/wp\/v2\/product\/6103","targetHints":{"allow":["GET"]}}],"collection":[{"href":"https:\/\/egiarecords.com\/eu\/wp-json\/wp\/v2\/product"}],"about":[{"href":"https:\/\/egiarecords.com\/eu\/wp-json\/wp\/v2\/types\/product"}],"wp:featuredmedia":[{"embeddable":true,"href":"https:\/\/egiarecords.com\/eu\/wp-json\/wp\/v2\/media\/6106"}],"wp:attachment":[{"href":"https:\/\/egiarecords.com\/eu\/wp-json\/wp\/v2\/media?parent=6103"}],"wp:term":[{"taxonomy":"product_brand","embeddable":true,"href":"https:\/\/egiarecords.com\/eu\/wp-json\/wp\/v2\/product_brand?post=6103"},{"taxonomy":"product_cat","embeddable":true,"href":"https:\/\/egiarecords.com\/eu\/wp-json\/wp\/v2\/product_cat?post=6103"},{"taxonomy":"product_tag","embeddable":true,"href":"https:\/\/egiarecords.com\/eu\/wp-json\/wp\/v2\/product_tag?post=6103"},{"taxonomy":"sello","embeddable":true,"href":"https:\/\/egiarecords.com\/eu\/wp-json\/wp\/v2\/sello?post=6103"},{"taxonomy":"artista","embeddable":true,"href":"https:\/\/egiarecords.com\/eu\/wp-json\/wp\/v2\/artista?post=6103"}],"curies":[{"name":"wp","href":"https:\/\/api.w.org\/{rel}","templated":true}]}}