{"id":6098,"date":"2026-04-11T12:25:45","date_gmt":"2026-04-11T10:25:45","guid":{"rendered":"https:\/\/egiarecords.com\/?post_type=product&#038;p=6098"},"modified":"2026-04-11T12:26:06","modified_gmt":"2026-04-11T10:26:06","slug":"woody-guthrie-american-folk-legend","status":"publish","type":"product","link":"https:\/\/egiarecords.com\/eu\/denda\/woody-guthrie-american-folk-legend\/","title":{"rendered":"Woody Guthrie &#8211; American Folk Legend"},"content":{"rendered":"<p>Desde Bob Dylan hasta Bruce Springsteen, la huella de Woody Guthrie es incalculable; este recopilatorio re\u00fane los himnos que ense\u00f1aron al mundo que una canci\u00f3n sencilla puede cambiar conciencias<\/p>\n","protected":false},"excerpt":{"rendered":"<p>Desde Bob Dylan hasta Bruce Springsteen, la huella de Woody Guthrie es incalculable; este recopilatorio re\u00fane los himnos que ense\u00f1aron al mundo que una canci\u00f3n sencilla puede cambiar conciencias<\/p>\n","protected":false},"featured_media":6101,"template":"","meta":[],"product_brand":[],"product_cat":[689],"product_tag":[],"sello":[939],"artista":[1709],"class_list":{"0":"post-6098","1":"product","2":"type-product","3":"status-publish","4":"has-post-thumbnail","6":"product_cat-vinilos","7":"sello-vinyl-passion","8":"artista-woody-guthrie","9":"fecha-368","10":"estilo-country","11":"estilo-folk","13":"first","14":"instock","15":"taxable","16":"shipping-taxable","17":"purchasable","18":"product-type-simple"},"_links":{"self":[{"href":"https:\/\/egiarecords.com\/eu\/wp-json\/wp\/v2\/product\/6098","targetHints":{"allow":["GET"]}}],"collection":[{"href":"https:\/\/egiarecords.com\/eu\/wp-json\/wp\/v2\/product"}],"about":[{"href":"https:\/\/egiarecords.com\/eu\/wp-json\/wp\/v2\/types\/product"}],"wp:featuredmedia":[{"embeddable":true,"href":"https:\/\/egiarecords.com\/eu\/wp-json\/wp\/v2\/media\/6101"}],"wp:attachment":[{"href":"https:\/\/egiarecords.com\/eu\/wp-json\/wp\/v2\/media?parent=6098"}],"wp:term":[{"taxonomy":"product_brand","embeddable":true,"href":"https:\/\/egiarecords.com\/eu\/wp-json\/wp\/v2\/product_brand?post=6098"},{"taxonomy":"product_cat","embeddable":true,"href":"https:\/\/egiarecords.com\/eu\/wp-json\/wp\/v2\/product_cat?post=6098"},{"taxonomy":"product_tag","embeddable":true,"href":"https:\/\/egiarecords.com\/eu\/wp-json\/wp\/v2\/product_tag?post=6098"},{"taxonomy":"sello","embeddable":true,"href":"https:\/\/egiarecords.com\/eu\/wp-json\/wp\/v2\/sello?post=6098"},{"taxonomy":"artista","embeddable":true,"href":"https:\/\/egiarecords.com\/eu\/wp-json\/wp\/v2\/artista?post=6098"}],"curies":[{"name":"wp","href":"https:\/\/api.w.org\/{rel}","templated":true}]}}