{"id":6089,"date":"2026-04-11T10:44:43","date_gmt":"2026-04-11T08:44:43","guid":{"rendered":"https:\/\/egiarecords.com\/?post_type=product&#038;p=6089"},"modified":"2026-04-11T10:52:10","modified_gmt":"2026-04-11T08:52:10","slug":"muse-black-holes-and-revelations","status":"publish","type":"product","link":"https:\/\/egiarecords.com\/eu\/denda\/muse-black-holes-and-revelations\/","title":{"rendered":"Muse &#8211; Black Holes And Revelations"},"content":{"rendered":"<p>El \u00e1lbum marca un giro experimental al integrar influencias del funk, la m\u00fasica electr\u00f3nica y el pop ochentero con sus potentes bases de rock, dejando cl\u00e1sicos instant\u00e1neos como &#8216;Starlight&#8217;, &#8216;Supermassive Black Hole&#8217; y la monumental &#8216;Knights of Cydonia<\/p>\n","protected":false},"excerpt":{"rendered":"<p>El \u00e1lbum marca un giro experimental al integrar influencias del funk, la m\u00fasica electr\u00f3nica y el pop ochentero con sus potentes bases de rock, dejando cl\u00e1sicos instant\u00e1neos como &#8216;Starlight&#8217;, &#8216;Supermassive Black Hole&#8217; y la monumental &#8216;Knights of Cydonia<\/p>\n","protected":false},"featured_media":6091,"template":"","meta":[],"product_brand":[],"product_cat":[689],"product_tag":[],"sello":[1706,932],"artista":[1705],"class_list":{"0":"post-6089","1":"product","2":"type-product","3":"status-publish","4":"has-post-thumbnail","6":"product_cat-vinilos","7":"sello-helium-3","8":"sello-warner-records","9":"artista-muse","10":"fecha-384","11":"estilo-alternative-rock","12":"estilo-prog-rock","13":"estilo-space-rock","15":"first","16":"instock","17":"taxable","18":"shipping-taxable","19":"purchasable","20":"product-type-simple"},"_links":{"self":[{"href":"https:\/\/egiarecords.com\/eu\/wp-json\/wp\/v2\/product\/6089","targetHints":{"allow":["GET"]}}],"collection":[{"href":"https:\/\/egiarecords.com\/eu\/wp-json\/wp\/v2\/product"}],"about":[{"href":"https:\/\/egiarecords.com\/eu\/wp-json\/wp\/v2\/types\/product"}],"wp:featuredmedia":[{"embeddable":true,"href":"https:\/\/egiarecords.com\/eu\/wp-json\/wp\/v2\/media\/6091"}],"wp:attachment":[{"href":"https:\/\/egiarecords.com\/eu\/wp-json\/wp\/v2\/media?parent=6089"}],"wp:term":[{"taxonomy":"product_brand","embeddable":true,"href":"https:\/\/egiarecords.com\/eu\/wp-json\/wp\/v2\/product_brand?post=6089"},{"taxonomy":"product_cat","embeddable":true,"href":"https:\/\/egiarecords.com\/eu\/wp-json\/wp\/v2\/product_cat?post=6089"},{"taxonomy":"product_tag","embeddable":true,"href":"https:\/\/egiarecords.com\/eu\/wp-json\/wp\/v2\/product_tag?post=6089"},{"taxonomy":"sello","embeddable":true,"href":"https:\/\/egiarecords.com\/eu\/wp-json\/wp\/v2\/sello?post=6089"},{"taxonomy":"artista","embeddable":true,"href":"https:\/\/egiarecords.com\/eu\/wp-json\/wp\/v2\/artista?post=6089"}],"curies":[{"name":"wp","href":"https:\/\/api.w.org\/{rel}","templated":true}]}}