{"id":6078,"date":"2026-04-11T10:38:52","date_gmt":"2026-04-11T08:38:52","guid":{"rendered":"https:\/\/egiarecords.com\/?post_type=product&#038;p=6078"},"modified":"2026-04-11T10:39:23","modified_gmt":"2026-04-11T08:39:23","slug":"3-doors-down-the-better-life","status":"publish","type":"product","link":"https:\/\/egiarecords.com\/eu\/denda\/3-doors-down-the-better-life\/","title":{"rendered":"3 Doors Down &#8211; The Better Life"},"content":{"rendered":"<p>El disco est\u00e1 construido sobre riffs de guitarra s\u00f3lidos y la voz distintiva de Brad Arnold, destacando por himnos que dominaron las radios como el mega-\u00e9xito &#8216;Kryptonite&#8217; y la balada &#8216;Be Like That<\/p>\n","protected":false},"excerpt":{"rendered":"<p>El disco est\u00e1 construido sobre riffs de guitarra s\u00f3lidos y la voz distintiva de Brad Arnold, destacando por himnos que dominaron las radios como el mega-\u00e9xito &#8216;Kryptonite&#8217; y la balada &#8216;Be Like That<\/p>\n","protected":false},"featured_media":6081,"template":"","meta":[],"product_brand":[],"product_cat":[689],"product_tag":[],"sello":[952,1048],"artista":[1704],"class_list":{"0":"post-6078","1":"product","2":"type-product","3":"status-publish","4":"has-post-thumbnail","6":"product_cat-vinilos","7":"sello-republic-records","8":"sello-ume","9":"artista-3-doors-down","10":"fecha-305","11":"estilo-alternative-rock","12":"estilo-southern-rock","14":"first","15":"instock","16":"taxable","17":"shipping-taxable","18":"purchasable","19":"product-type-simple"},"_links":{"self":[{"href":"https:\/\/egiarecords.com\/eu\/wp-json\/wp\/v2\/product\/6078","targetHints":{"allow":["GET"]}}],"collection":[{"href":"https:\/\/egiarecords.com\/eu\/wp-json\/wp\/v2\/product"}],"about":[{"href":"https:\/\/egiarecords.com\/eu\/wp-json\/wp\/v2\/types\/product"}],"wp:featuredmedia":[{"embeddable":true,"href":"https:\/\/egiarecords.com\/eu\/wp-json\/wp\/v2\/media\/6081"}],"wp:attachment":[{"href":"https:\/\/egiarecords.com\/eu\/wp-json\/wp\/v2\/media?parent=6078"}],"wp:term":[{"taxonomy":"product_brand","embeddable":true,"href":"https:\/\/egiarecords.com\/eu\/wp-json\/wp\/v2\/product_brand?post=6078"},{"taxonomy":"product_cat","embeddable":true,"href":"https:\/\/egiarecords.com\/eu\/wp-json\/wp\/v2\/product_cat?post=6078"},{"taxonomy":"product_tag","embeddable":true,"href":"https:\/\/egiarecords.com\/eu\/wp-json\/wp\/v2\/product_tag?post=6078"},{"taxonomy":"sello","embeddable":true,"href":"https:\/\/egiarecords.com\/eu\/wp-json\/wp\/v2\/sello?post=6078"},{"taxonomy":"artista","embeddable":true,"href":"https:\/\/egiarecords.com\/eu\/wp-json\/wp\/v2\/artista?post=6078"}],"curies":[{"name":"wp","href":"https:\/\/api.w.org\/{rel}","templated":true}]}}