{"id":6074,"date":"2026-04-11T10:31:53","date_gmt":"2026-04-11T08:31:53","guid":{"rendered":"https:\/\/egiarecords.com\/?post_type=product&#038;p=6074"},"modified":"2026-04-20T12:33:08","modified_gmt":"2026-04-20T10:33:08","slug":"joy-division-love-will-tear-us-apart","status":"publish","type":"product","link":"https:\/\/egiarecords.com\/eu\/denda\/joy-division-love-will-tear-us-apart\/","title":{"rendered":"Joy Division &#8211; Love Will Tear Us Apart"},"content":{"rendered":"<p>Es el himno definitivo del post-punk, una canci\u00f3n que captura la agon\u00eda de una relaci\u00f3n que se desmorona bajo el peso de la desesperaci\u00f3n y la falta de comunicaci\u00f3n.<\/p>\n","protected":false},"excerpt":{"rendered":"<p>Es el himno definitivo del post-punk, una canci\u00f3n que captura la agon\u00eda de una relaci\u00f3n que se desmorona bajo el peso de la desesperaci\u00f3n y la falta de comunicaci\u00f3n.<\/p>\n","protected":false},"featured_media":6076,"template":"","meta":[],"product_brand":[],"product_cat":[689],"product_tag":[],"sello":[680],"artista":[1019],"class_list":{"0":"post-6074","1":"product","2":"type-product","3":"status-publish","4":"has-post-thumbnail","6":"product_cat-vinilos","7":"sello-vinyl-lovers","8":"artista-joy-division","9":"fecha-521","10":"estilo-new-wave","11":"estilo-post-punk","12":"estilo-punk","14":"first","15":"instock","16":"taxable","17":"shipping-taxable","18":"purchasable","19":"product-type-simple"},"_links":{"self":[{"href":"https:\/\/egiarecords.com\/eu\/wp-json\/wp\/v2\/product\/6074","targetHints":{"allow":["GET"]}}],"collection":[{"href":"https:\/\/egiarecords.com\/eu\/wp-json\/wp\/v2\/product"}],"about":[{"href":"https:\/\/egiarecords.com\/eu\/wp-json\/wp\/v2\/types\/product"}],"wp:featuredmedia":[{"embeddable":true,"href":"https:\/\/egiarecords.com\/eu\/wp-json\/wp\/v2\/media\/6076"}],"wp:attachment":[{"href":"https:\/\/egiarecords.com\/eu\/wp-json\/wp\/v2\/media?parent=6074"}],"wp:term":[{"taxonomy":"product_brand","embeddable":true,"href":"https:\/\/egiarecords.com\/eu\/wp-json\/wp\/v2\/product_brand?post=6074"},{"taxonomy":"product_cat","embeddable":true,"href":"https:\/\/egiarecords.com\/eu\/wp-json\/wp\/v2\/product_cat?post=6074"},{"taxonomy":"product_tag","embeddable":true,"href":"https:\/\/egiarecords.com\/eu\/wp-json\/wp\/v2\/product_tag?post=6074"},{"taxonomy":"sello","embeddable":true,"href":"https:\/\/egiarecords.com\/eu\/wp-json\/wp\/v2\/sello?post=6074"},{"taxonomy":"artista","embeddable":true,"href":"https:\/\/egiarecords.com\/eu\/wp-json\/wp\/v2\/artista?post=6074"}],"curies":[{"name":"wp","href":"https:\/\/api.w.org\/{rel}","templated":true}]}}