{"id":6069,"date":"2026-04-11T10:25:25","date_gmt":"2026-04-11T08:25:25","guid":{"rendered":"https:\/\/egiarecords.com\/?post_type=product&#038;p=6069"},"modified":"2026-04-11T10:25:32","modified_gmt":"2026-04-11T08:25:32","slug":"blink-182-enema-of-the-state","status":"publish","type":"product","link":"https:\/\/egiarecords.com\/eu\/denda\/blink-182-enema-of-the-state\/","title":{"rendered":"Blink-182 &#8211; Enema Of The State"},"content":{"rendered":"<p>Con la llegada de Travis Barker a la bater\u00eda, la banda alcanz\u00f3 una nueva dimensi\u00f3n t\u00e9cnica y energ\u00e9tica, puliendo su sonido con la producci\u00f3n de Jerry Finn en hits globales como &#8216;All The Small Things&#8217; y &#8216;What&#8217;s My Age Again?<\/p>\n","protected":false},"excerpt":{"rendered":"<p>Con la llegada de Travis Barker a la bater\u00eda, la banda alcanz\u00f3 una nueva dimensi\u00f3n t\u00e9cnica y energ\u00e9tica, puliendo su sonido con la producci\u00f3n de Jerry Finn en hits globales como &#8216;All The Small Things&#8217; y &#8216;What&#8217;s My Age Again?<\/p>\n","protected":false},"featured_media":6072,"template":"","meta":[],"product_brand":[],"product_cat":[689],"product_tag":[],"sello":[970,1168],"artista":[1702],"class_list":{"0":"post-6069","1":"product","2":"type-product","3":"status-publish","4":"has-post-thumbnail","6":"product_cat-vinilos","7":"sello-geffen-records","8":"sello-universal-music-group-international","9":"artista-blink-182","10":"fecha-368","11":"estilo-pop-punk","13":"first","14":"instock","15":"taxable","16":"shipping-taxable","17":"purchasable","18":"product-type-simple"},"_links":{"self":[{"href":"https:\/\/egiarecords.com\/eu\/wp-json\/wp\/v2\/product\/6069","targetHints":{"allow":["GET"]}}],"collection":[{"href":"https:\/\/egiarecords.com\/eu\/wp-json\/wp\/v2\/product"}],"about":[{"href":"https:\/\/egiarecords.com\/eu\/wp-json\/wp\/v2\/types\/product"}],"wp:featuredmedia":[{"embeddable":true,"href":"https:\/\/egiarecords.com\/eu\/wp-json\/wp\/v2\/media\/6072"}],"wp:attachment":[{"href":"https:\/\/egiarecords.com\/eu\/wp-json\/wp\/v2\/media?parent=6069"}],"wp:term":[{"taxonomy":"product_brand","embeddable":true,"href":"https:\/\/egiarecords.com\/eu\/wp-json\/wp\/v2\/product_brand?post=6069"},{"taxonomy":"product_cat","embeddable":true,"href":"https:\/\/egiarecords.com\/eu\/wp-json\/wp\/v2\/product_cat?post=6069"},{"taxonomy":"product_tag","embeddable":true,"href":"https:\/\/egiarecords.com\/eu\/wp-json\/wp\/v2\/product_tag?post=6069"},{"taxonomy":"sello","embeddable":true,"href":"https:\/\/egiarecords.com\/eu\/wp-json\/wp\/v2\/sello?post=6069"},{"taxonomy":"artista","embeddable":true,"href":"https:\/\/egiarecords.com\/eu\/wp-json\/wp\/v2\/artista?post=6069"}],"curies":[{"name":"wp","href":"https:\/\/api.w.org\/{rel}","templated":true}]}}