{"id":6064,"date":"2026-04-11T10:23:27","date_gmt":"2026-04-11T08:23:27","guid":{"rendered":"https:\/\/egiarecords.com\/?post_type=product&#038;p=6064"},"modified":"2026-04-11T10:23:34","modified_gmt":"2026-04-11T08:23:34","slug":"green-day-dookie","status":"publish","type":"product","link":"https:\/\/egiarecords.com\/eu\/denda\/green-day-dookie\/","title":{"rendered":"Green Day &#8211; Dookie"},"content":{"rendered":"<p>Ganador del Grammy al Mejor \u00c1lbum de M\u00fasica Alternativa, <i data-path-to-node=\"2,2,0\" data-index-in-node=\"74\">Dookie<\/i> vendi\u00f3 millones de copias y abri\u00f3 las puertas del mainstream a bandas como Blink-182 y Sum 41, cambiando la cara del rock moderno para siempre.<\/p>\n","protected":false},"excerpt":{"rendered":"<p>Ganador del Grammy al Mejor \u00c1lbum de M\u00fasica Alternativa, Dookie vendi\u00f3 millones de copias y abri\u00f3 las puertas del mainstream a bandas como Blink-182 y Sum 41, cambiando la cara del rock moderno para siempre.<\/p>\n","protected":false},"featured_media":6067,"template":"","meta":[],"product_brand":[],"product_cat":[689],"product_tag":[],"sello":[1094],"artista":[1701],"class_list":{"0":"post-6064","1":"product","2":"type-product","3":"status-publish","4":"has-post-thumbnail","6":"product_cat-vinilos","7":"sello-reprise-records","8":"artista-green-day","9":"fecha-384","10":"estilo-alternative-rock","11":"estilo-pop-rock","12":"estilo-punk","14":"first","15":"instock","16":"taxable","17":"shipping-taxable","18":"purchasable","19":"product-type-simple"},"_links":{"self":[{"href":"https:\/\/egiarecords.com\/eu\/wp-json\/wp\/v2\/product\/6064","targetHints":{"allow":["GET"]}}],"collection":[{"href":"https:\/\/egiarecords.com\/eu\/wp-json\/wp\/v2\/product"}],"about":[{"href":"https:\/\/egiarecords.com\/eu\/wp-json\/wp\/v2\/types\/product"}],"wp:featuredmedia":[{"embeddable":true,"href":"https:\/\/egiarecords.com\/eu\/wp-json\/wp\/v2\/media\/6067"}],"wp:attachment":[{"href":"https:\/\/egiarecords.com\/eu\/wp-json\/wp\/v2\/media?parent=6064"}],"wp:term":[{"taxonomy":"product_brand","embeddable":true,"href":"https:\/\/egiarecords.com\/eu\/wp-json\/wp\/v2\/product_brand?post=6064"},{"taxonomy":"product_cat","embeddable":true,"href":"https:\/\/egiarecords.com\/eu\/wp-json\/wp\/v2\/product_cat?post=6064"},{"taxonomy":"product_tag","embeddable":true,"href":"https:\/\/egiarecords.com\/eu\/wp-json\/wp\/v2\/product_tag?post=6064"},{"taxonomy":"sello","embeddable":true,"href":"https:\/\/egiarecords.com\/eu\/wp-json\/wp\/v2\/sello?post=6064"},{"taxonomy":"artista","embeddable":true,"href":"https:\/\/egiarecords.com\/eu\/wp-json\/wp\/v2\/artista?post=6064"}],"curies":[{"name":"wp","href":"https:\/\/api.w.org\/{rel}","templated":true}]}}