{"id":6060,"date":"2026-04-11T10:19:29","date_gmt":"2026-04-11T08:19:29","guid":{"rendered":"https:\/\/egiarecords.com\/?post_type=product&#038;p=6060"},"modified":"2026-04-11T10:21:34","modified_gmt":"2026-04-11T08:21:34","slug":"foo-fighters-foo-fighters","status":"publish","type":"product","link":"https:\/\/egiarecords.com\/eu\/denda\/foo-fighters-foo-fighters\/","title":{"rendered":"Foo Fighters &#8211; Foo Fighters"},"content":{"rendered":"<p>El disco destila una energ\u00eda cruda y garajera, mezclando ganchos mel\u00f3dicos muy pegadizos con la distorsi\u00f3n del rock alternativo en temas cl\u00e1sicos como &#8216;This Is a Call&#8217; o &#8216;I&#8217;ll Stick Around&#8217;<\/p>\n","protected":false},"excerpt":{"rendered":"<p>El disco destila una energ\u00eda cruda y garajera, mezclando ganchos mel\u00f3dicos muy pegadizos con la distorsi\u00f3n del rock alternativo en temas cl\u00e1sicos como &#8216;This Is a Call&#8217; o &#8216;I&#8217;ll Stick Around&#8217;<\/p>\n","protected":false},"featured_media":6062,"template":"","meta":[],"product_brand":[],"product_cat":[689],"product_tag":[],"sello":[471,79,954],"artista":[953],"class_list":{"0":"post-6060","1":"product","2":"type-product","3":"status-publish","4":"has-post-thumbnail","6":"product_cat-vinilos","7":"sello-legacy","8":"sello-rca","9":"sello-roswell-records","10":"artista-foo-fighters","11":"fecha-521","12":"estilo-alternative-rock","14":"first","15":"instock","16":"taxable","17":"shipping-taxable","18":"purchasable","19":"product-type-simple"},"_links":{"self":[{"href":"https:\/\/egiarecords.com\/eu\/wp-json\/wp\/v2\/product\/6060","targetHints":{"allow":["GET"]}}],"collection":[{"href":"https:\/\/egiarecords.com\/eu\/wp-json\/wp\/v2\/product"}],"about":[{"href":"https:\/\/egiarecords.com\/eu\/wp-json\/wp\/v2\/types\/product"}],"wp:featuredmedia":[{"embeddable":true,"href":"https:\/\/egiarecords.com\/eu\/wp-json\/wp\/v2\/media\/6062"}],"wp:attachment":[{"href":"https:\/\/egiarecords.com\/eu\/wp-json\/wp\/v2\/media?parent=6060"}],"wp:term":[{"taxonomy":"product_brand","embeddable":true,"href":"https:\/\/egiarecords.com\/eu\/wp-json\/wp\/v2\/product_brand?post=6060"},{"taxonomy":"product_cat","embeddable":true,"href":"https:\/\/egiarecords.com\/eu\/wp-json\/wp\/v2\/product_cat?post=6060"},{"taxonomy":"product_tag","embeddable":true,"href":"https:\/\/egiarecords.com\/eu\/wp-json\/wp\/v2\/product_tag?post=6060"},{"taxonomy":"sello","embeddable":true,"href":"https:\/\/egiarecords.com\/eu\/wp-json\/wp\/v2\/sello?post=6060"},{"taxonomy":"artista","embeddable":true,"href":"https:\/\/egiarecords.com\/eu\/wp-json\/wp\/v2\/artista?post=6060"}],"curies":[{"name":"wp","href":"https:\/\/api.w.org\/{rel}","templated":true}]}}