{"id":6056,"date":"2026-04-11T10:17:39","date_gmt":"2026-04-11T08:17:39","guid":{"rendered":"https:\/\/egiarecords.com\/?post_type=product&#038;p=6056"},"modified":"2026-04-11T10:17:47","modified_gmt":"2026-04-11T08:17:47","slug":"foo-fighters-the-colour-and-the-shape","status":"publish","type":"product","link":"https:\/\/egiarecords.com\/eu\/denda\/foo-fighters-the-colour-and-the-shape\/","title":{"rendered":"Foo Fighters &#8211; The Colour And The Shape"},"content":{"rendered":"<p>A menudo citado como el mejor trabajo de la banda, este \u00e1lbum defini\u00f3 el sonido del rock de finales de los 90 y estableci\u00f3 la f\u00f3rmula de estribillos memorables y energ\u00eda arrolladora que los llevar\u00eda a llenar estadios.<\/p>\n","protected":false},"excerpt":{"rendered":"<p>A menudo citado como el mejor trabajo de la banda, este \u00e1lbum defini\u00f3 el sonido del rock de finales de los 90 y estableci\u00f3 la f\u00f3rmula de estribillos memorables y energ\u00eda arrolladora que los llevar\u00eda a llenar estadios.<\/p>\n","protected":false},"featured_media":6058,"template":"","meta":[],"product_brand":[],"product_cat":[689],"product_tag":[],"sello":[471,79,954],"artista":[953],"class_list":{"0":"post-6056","1":"product","2":"type-product","3":"status-publish","4":"has-post-thumbnail","6":"product_cat-vinilos","7":"sello-legacy","8":"sello-rca","9":"sello-roswell-records","10":"artista-foo-fighters","11":"fecha-310","12":"estilo-alternative-rock","14":"first","15":"instock","16":"taxable","17":"shipping-taxable","18":"purchasable","19":"product-type-simple"},"_links":{"self":[{"href":"https:\/\/egiarecords.com\/eu\/wp-json\/wp\/v2\/product\/6056","targetHints":{"allow":["GET"]}}],"collection":[{"href":"https:\/\/egiarecords.com\/eu\/wp-json\/wp\/v2\/product"}],"about":[{"href":"https:\/\/egiarecords.com\/eu\/wp-json\/wp\/v2\/types\/product"}],"wp:featuredmedia":[{"embeddable":true,"href":"https:\/\/egiarecords.com\/eu\/wp-json\/wp\/v2\/media\/6058"}],"wp:attachment":[{"href":"https:\/\/egiarecords.com\/eu\/wp-json\/wp\/v2\/media?parent=6056"}],"wp:term":[{"taxonomy":"product_brand","embeddable":true,"href":"https:\/\/egiarecords.com\/eu\/wp-json\/wp\/v2\/product_brand?post=6056"},{"taxonomy":"product_cat","embeddable":true,"href":"https:\/\/egiarecords.com\/eu\/wp-json\/wp\/v2\/product_cat?post=6056"},{"taxonomy":"product_tag","embeddable":true,"href":"https:\/\/egiarecords.com\/eu\/wp-json\/wp\/v2\/product_tag?post=6056"},{"taxonomy":"sello","embeddable":true,"href":"https:\/\/egiarecords.com\/eu\/wp-json\/wp\/v2\/sello?post=6056"},{"taxonomy":"artista","embeddable":true,"href":"https:\/\/egiarecords.com\/eu\/wp-json\/wp\/v2\/artista?post=6056"}],"curies":[{"name":"wp","href":"https:\/\/api.w.org\/{rel}","templated":true}]}}